{"id":9368,"date":"2020-09-17T17:39:55","date_gmt":"2020-09-17T15:39:55","guid":{"rendered":"https:\/\/www.hellodrumscores.com\/?post_type=product&#038;p=9368"},"modified":"2020-09-17T17:46:18","modified_gmt":"2020-09-17T15:46:18","slug":"all-stars-shrek-version-smash-mooth","status":"publish","type":"product","link":"https:\/\/www.hellodrumscores.com\/fr\/catalogue\/pop\/all-stars-shrek-version-smash-mooth\/","title":{"rendered":"ALL STARS SHREK version Smash Mooth"},"content":{"rendered":"<p>La partition Batterie de la musique du dessin anim\u00e9 SHREK\u00a0 ALL STARS ,version Smath Mooth.<\/p>\n","protected":false},"excerpt":{"rendered":"<p>La partie Batterie du c\u00e9l\u00e8bre dessin anim\u00e9 \u00a0\u00bb SHREK\u00a0\u00bb version All Stars.<\/p>\n","protected":false},"featured_media":9369,"template":"","meta":[],"product_brand":[],"product_cat":[83],"product_tag":[359],"class_list":{"0":"post-9368","1":"product","2":"type-product","3":"status-publish","4":"has-post-thumbnail","6":"product_cat-pop","7":"product_tag-all-stars","9":"first","10":"instock","11":"downloadable","12":"virtual","13":"sold-individually","14":"purchasable","15":"product-type-simple"},"jetpack_sharing_enabled":true,"_links":{"self":[{"href":"https:\/\/www.hellodrumscores.com\/fr\/wp-json\/wp\/v2\/product\/9368","targetHints":{"allow":["GET"]}}],"collection":[{"href":"https:\/\/www.hellodrumscores.com\/fr\/wp-json\/wp\/v2\/product"}],"about":[{"href":"https:\/\/www.hellodrumscores.com\/fr\/wp-json\/wp\/v2\/types\/product"}],"wp:featuredmedia":[{"embeddable":true,"href":"https:\/\/www.hellodrumscores.com\/fr\/wp-json\/wp\/v2\/media\/9369"}],"wp:attachment":[{"href":"https:\/\/www.hellodrumscores.com\/fr\/wp-json\/wp\/v2\/media?parent=9368"}],"wp:term":[{"taxonomy":"product_brand","embeddable":true,"href":"https:\/\/www.hellodrumscores.com\/fr\/wp-json\/wp\/v2\/product_brand?post=9368"},{"taxonomy":"product_cat","embeddable":true,"href":"https:\/\/www.hellodrumscores.com\/fr\/wp-json\/wp\/v2\/product_cat?post=9368"},{"taxonomy":"product_tag","embeddable":true,"href":"https:\/\/www.hellodrumscores.com\/fr\/wp-json\/wp\/v2\/product_tag?post=9368"}],"curies":[{"name":"wp","href":"https:\/\/api.w.org\/{rel}","templated":true}]}}