{"id":930,"date":"2019-08-21T13:19:34","date_gmt":"2019-08-21T11:19:34","guid":{"rendered":"http:\/\/localhost\/wordpress\/?post_type=product&#038;p=930"},"modified":"2019-10-27T21:33:22","modified_gmt":"2019-10-27T20:33:22","slug":"laventurier","status":"publish","type":"product","link":"https:\/\/www.hellodrumscores.com\/fr\/catalogue\/new-wave\/laventurier\/","title":{"rendered":"L&rsquo;Aventurier"},"content":{"rendered":"<p><b>L\u2019Aventurier<\/b> est une chanson d&rsquo;Indochine parue sur l&rsquo;album du m\u00eame nom en 1982, puis en single la m\u00eame ann\u00e9e. Ce deuxi\u00e8me single du groupe, qui \u00e9voque l&rsquo;univers de Bob Morane et s&rsquo;est hiss\u00e9 \u00e0 la 4\u00e8me place des ventes en France, a contribu\u00e9 \u00e0 lancer la carri\u00e8re des membres du groupe dans les ann\u00e9es 1980.<\/p>\n","protected":false},"excerpt":{"rendered":"<p>Le Birthday Album<\/p>\n<h2>\ud83e\udd41\ud83e\udd41\ud83e\udd41<span style=\"filter: grayscale(100%);\">\ud83e\udd41\ud83e\udd41<\/span><\/h2>\n","protected":false},"featured_media":4400,"template":"","meta":[],"product_brand":[],"product_cat":[88],"product_tag":[18],"class_list":{"0":"post-930","1":"product","2":"type-product","3":"status-publish","4":"has-post-thumbnail","6":"product_cat-new-wave","7":"product_tag-indochine","9":"first","10":"instock","11":"downloadable","12":"virtual","13":"sold-individually","14":"purchasable","15":"product-type-simple"},"jetpack_sharing_enabled":true,"_links":{"self":[{"href":"https:\/\/www.hellodrumscores.com\/fr\/wp-json\/wp\/v2\/product\/930","targetHints":{"allow":["GET"]}}],"collection":[{"href":"https:\/\/www.hellodrumscores.com\/fr\/wp-json\/wp\/v2\/product"}],"about":[{"href":"https:\/\/www.hellodrumscores.com\/fr\/wp-json\/wp\/v2\/types\/product"}],"wp:featuredmedia":[{"embeddable":true,"href":"https:\/\/www.hellodrumscores.com\/fr\/wp-json\/wp\/v2\/media\/4400"}],"wp:attachment":[{"href":"https:\/\/www.hellodrumscores.com\/fr\/wp-json\/wp\/v2\/media?parent=930"}],"wp:term":[{"taxonomy":"product_brand","embeddable":true,"href":"https:\/\/www.hellodrumscores.com\/fr\/wp-json\/wp\/v2\/product_brand?post=930"},{"taxonomy":"product_cat","embeddable":true,"href":"https:\/\/www.hellodrumscores.com\/fr\/wp-json\/wp\/v2\/product_cat?post=930"},{"taxonomy":"product_tag","embeddable":true,"href":"https:\/\/www.hellodrumscores.com\/fr\/wp-json\/wp\/v2\/product_tag?post=930"}],"curies":[{"name":"wp","href":"https:\/\/api.w.org\/{rel}","templated":true}]}}