{"id":863,"date":"2019-08-19T13:26:42","date_gmt":"2019-08-19T11:26:42","guid":{"rendered":"http:\/\/localhost\/wordpress\/?post_type=product&#038;p=863"},"modified":"2019-10-23T19:50:21","modified_gmt":"2019-10-23T17:50:21","slug":"je-dois-men-aller","status":"publish","type":"product","link":"https:\/\/www.hellodrumscores.com\/fr\/catalogue\/new-wave\/je-dois-men-aller\/","title":{"rendered":"Je Dois M&rsquo;En Aller"},"content":{"rendered":"<p><b>Niagara<\/b> est un groupe de rock fran\u00e7ais, originaire de Rennes. Durant son existence, il est compos\u00e9 de Muriel Moreno et Daniel Chenevez, avant sa s\u00e9paration en 1993.<\/p>\n","protected":false},"excerpt":{"rendered":"<p>Encore Un Dernier Baiser<\/p>\n<h2>\ud83e\udd41<span style=\"filter: grayscale(100%)\">\ud83e\udd41\ud83e\udd41\ud83e\udd41\ud83e\udd41<\/span><\/h2>\n","protected":false},"featured_media":0,"template":"","meta":[],"product_brand":[],"product_cat":[88,57,61],"product_tag":[62],"class_list":{"0":"post-863","1":"product","2":"type-product","3":"status-publish","5":"product_cat-new-wave","6":"product_cat-pop-rock","7":"product_cat-synthpop","8":"product_tag-niagara","10":"first","11":"instock","12":"downloadable","13":"virtual","14":"sold-individually","15":"purchasable","16":"product-type-simple"},"jetpack_sharing_enabled":true,"_links":{"self":[{"href":"https:\/\/www.hellodrumscores.com\/fr\/wp-json\/wp\/v2\/product\/863","targetHints":{"allow":["GET"]}}],"collection":[{"href":"https:\/\/www.hellodrumscores.com\/fr\/wp-json\/wp\/v2\/product"}],"about":[{"href":"https:\/\/www.hellodrumscores.com\/fr\/wp-json\/wp\/v2\/types\/product"}],"wp:attachment":[{"href":"https:\/\/www.hellodrumscores.com\/fr\/wp-json\/wp\/v2\/media?parent=863"}],"wp:term":[{"taxonomy":"product_brand","embeddable":true,"href":"https:\/\/www.hellodrumscores.com\/fr\/wp-json\/wp\/v2\/product_brand?post=863"},{"taxonomy":"product_cat","embeddable":true,"href":"https:\/\/www.hellodrumscores.com\/fr\/wp-json\/wp\/v2\/product_cat?post=863"},{"taxonomy":"product_tag","embeddable":true,"href":"https:\/\/www.hellodrumscores.com\/fr\/wp-json\/wp\/v2\/product_tag?post=863"}],"curies":[{"name":"wp","href":"https:\/\/api.w.org\/{rel}","templated":true}]}}