{"id":6938,"date":"2019-12-17T19:22:48","date_gmt":"2019-12-17T18:22:48","guid":{"rendered":"https:\/\/www.hellodrumscores.com\/?post_type=product&#038;p=6938"},"modified":"2019-12-17T19:22:48","modified_gmt":"2019-12-17T18:22:48","slug":"on-va-saimer","status":"publish","type":"product","link":"https:\/\/www.hellodrumscores.com\/fr\/catalogue\/french-pop\/on-va-saimer\/","title":{"rendered":"On va s&rsquo;aimer"},"content":{"rendered":"<p><b>On va s&rsquo;aimer<\/b> est une chanson interpr\u00e9t\u00e9e par Gilbert Montagn\u00e9, parue en single en 1983, puis int\u00e9gr\u00e9e sur l&rsquo;album Libert\u00e9, en 1984.<\/p>\n","protected":false},"excerpt":{"rendered":"<p>Libert\u00e9<\/p>\n<h2>\ud83e\udd41\ud83e\udd41\ud83e\udd41<span style=\"filter: grayscale(100%)\">\ud83e\udd41\ud83e\udd41<\/span><\/h2>\n","protected":false},"featured_media":6940,"template":"","meta":[],"product_brand":[],"product_cat":[96,61],"product_tag":[346],"class_list":{"0":"post-6938","1":"product","2":"type-product","3":"status-publish","4":"has-post-thumbnail","6":"product_cat-french-pop","7":"product_cat-synthpop","8":"product_tag-gilbert-montagne","10":"first","11":"instock","12":"downloadable","13":"virtual","14":"sold-individually","15":"purchasable","16":"product-type-simple"},"jetpack_sharing_enabled":true,"_links":{"self":[{"href":"https:\/\/www.hellodrumscores.com\/fr\/wp-json\/wp\/v2\/product\/6938","targetHints":{"allow":["GET"]}}],"collection":[{"href":"https:\/\/www.hellodrumscores.com\/fr\/wp-json\/wp\/v2\/product"}],"about":[{"href":"https:\/\/www.hellodrumscores.com\/fr\/wp-json\/wp\/v2\/types\/product"}],"wp:featuredmedia":[{"embeddable":true,"href":"https:\/\/www.hellodrumscores.com\/fr\/wp-json\/wp\/v2\/media\/6940"}],"wp:attachment":[{"href":"https:\/\/www.hellodrumscores.com\/fr\/wp-json\/wp\/v2\/media?parent=6938"}],"wp:term":[{"taxonomy":"product_brand","embeddable":true,"href":"https:\/\/www.hellodrumscores.com\/fr\/wp-json\/wp\/v2\/product_brand?post=6938"},{"taxonomy":"product_cat","embeddable":true,"href":"https:\/\/www.hellodrumscores.com\/fr\/wp-json\/wp\/v2\/product_cat?post=6938"},{"taxonomy":"product_tag","embeddable":true,"href":"https:\/\/www.hellodrumscores.com\/fr\/wp-json\/wp\/v2\/product_tag?post=6938"}],"curies":[{"name":"wp","href":"https:\/\/api.w.org\/{rel}","templated":true}]}}