{"id":6793,"date":"2019-12-14T19:00:37","date_gmt":"2019-12-14T18:00:37","guid":{"rendered":"https:\/\/www.hellodrumscores.com\/?post_type=product&#038;p=6793"},"modified":"2019-12-14T18:23:40","modified_gmt":"2019-12-14T17:23:40","slug":"ouragan","status":"publish","type":"product","link":"https:\/\/www.hellodrumscores.com\/fr\/catalogue\/french-pop\/ouragan\/","title":{"rendered":"Ouragan"},"content":{"rendered":"<p><b>Ouragan<\/b> est une chanson datant de 1986 et interpr\u00e9t\u00e9e par St\u00e9phanie de Monaco. Ce titre a eu beaucoup de succ\u00e8s en France.<\/p>\n","protected":false},"excerpt":{"rendered":"<p>100 Tubes ann\u00e9es 80<\/p>\n<h2>\ud83e\udd41\ud83e\udd41\ud83e\udd41<span style=\"filter: grayscale(100%)\">\ud83e\udd41\ud83e\udd41<\/span><\/h2>\n","protected":false},"featured_media":6794,"template":"","meta":[],"product_brand":[],"product_cat":[96],"product_tag":[226],"class_list":{"0":"post-6793","1":"product","2":"type-product","3":"status-publish","4":"has-post-thumbnail","6":"product_cat-french-pop","7":"product_tag-stephanie","9":"first","10":"instock","11":"downloadable","12":"virtual","13":"sold-individually","14":"purchasable","15":"product-type-simple"},"jetpack_sharing_enabled":true,"_links":{"self":[{"href":"https:\/\/www.hellodrumscores.com\/fr\/wp-json\/wp\/v2\/product\/6793","targetHints":{"allow":["GET"]}}],"collection":[{"href":"https:\/\/www.hellodrumscores.com\/fr\/wp-json\/wp\/v2\/product"}],"about":[{"href":"https:\/\/www.hellodrumscores.com\/fr\/wp-json\/wp\/v2\/types\/product"}],"wp:featuredmedia":[{"embeddable":true,"href":"https:\/\/www.hellodrumscores.com\/fr\/wp-json\/wp\/v2\/media\/6794"}],"wp:attachment":[{"href":"https:\/\/www.hellodrumscores.com\/fr\/wp-json\/wp\/v2\/media?parent=6793"}],"wp:term":[{"taxonomy":"product_brand","embeddable":true,"href":"https:\/\/www.hellodrumscores.com\/fr\/wp-json\/wp\/v2\/product_brand?post=6793"},{"taxonomy":"product_cat","embeddable":true,"href":"https:\/\/www.hellodrumscores.com\/fr\/wp-json\/wp\/v2\/product_cat?post=6793"},{"taxonomy":"product_tag","embeddable":true,"href":"https:\/\/www.hellodrumscores.com\/fr\/wp-json\/wp\/v2\/product_tag?post=6793"}],"curies":[{"name":"wp","href":"https:\/\/api.w.org\/{rel}","templated":true}]}}