{"id":639,"date":"2019-05-12T13:48:20","date_gmt":"2019-05-12T11:48:20","guid":{"rendered":"http:\/\/localhost\/wordpress\/?post_type=product&#038;p=639"},"modified":"2019-10-23T20:12:53","modified_gmt":"2019-10-23T18:12:53","slug":"im-picky","status":"publish","type":"product","link":"https:\/\/www.hellodrumscores.com\/fr\/catalogue\/electronic-rock\/im-picky\/","title":{"rendered":"I&rsquo;m Picky"},"content":{"rendered":"<p><b>Shaka Ponk<\/b> (parfois orthographi\u00e9 SHK PNK) est un groupe d&rsquo;\u00e9lectro-rock fran\u00e7ais utilisant des \u00e9l\u00e9ments de diff\u00e9rents courants musicaux tels que le heavy metal, le funk et le hip-hop. Le groupe chante g\u00e9n\u00e9ralement en anglais, occasionnellement en espagnol ou en fran\u00e7ais.<\/p>\n","protected":false},"excerpt":{"rendered":"<p>The Geeks And The Jerkin&rsquo; Socks<\/p>\n<h2>\ud83e\udd41\ud83e\udd41<span style=\"filter: grayscale(100%)\">\ud83e\udd41\ud83e\udd41\ud83e\udd41<\/span><\/h2>\n","protected":false},"featured_media":0,"template":"","meta":[],"product_brand":[],"product_cat":[123],"product_tag":[182],"class_list":{"0":"post-639","1":"product","2":"type-product","3":"status-publish","5":"product_cat-electronic-rock","6":"product_tag-shaka-ponk","8":"first","9":"instock","10":"downloadable","11":"virtual","12":"sold-individually","13":"purchasable","14":"product-type-simple"},"jetpack_sharing_enabled":true,"_links":{"self":[{"href":"https:\/\/www.hellodrumscores.com\/fr\/wp-json\/wp\/v2\/product\/639","targetHints":{"allow":["GET"]}}],"collection":[{"href":"https:\/\/www.hellodrumscores.com\/fr\/wp-json\/wp\/v2\/product"}],"about":[{"href":"https:\/\/www.hellodrumscores.com\/fr\/wp-json\/wp\/v2\/types\/product"}],"wp:attachment":[{"href":"https:\/\/www.hellodrumscores.com\/fr\/wp-json\/wp\/v2\/media?parent=639"}],"wp:term":[{"taxonomy":"product_brand","embeddable":true,"href":"https:\/\/www.hellodrumscores.com\/fr\/wp-json\/wp\/v2\/product_brand?post=639"},{"taxonomy":"product_cat","embeddable":true,"href":"https:\/\/www.hellodrumscores.com\/fr\/wp-json\/wp\/v2\/product_cat?post=639"},{"taxonomy":"product_tag","embeddable":true,"href":"https:\/\/www.hellodrumscores.com\/fr\/wp-json\/wp\/v2\/product_tag?post=639"}],"curies":[{"name":"wp","href":"https:\/\/api.w.org\/{rel}","templated":true}]}}