{"id":630,"date":"2019-05-12T13:35:15","date_gmt":"2019-05-12T11:35:15","guid":{"rendered":"http:\/\/localhost\/wordpress\/?post_type=product&#038;p=630"},"modified":"2019-10-23T20:13:20","modified_gmt":"2019-10-23T18:13:20","slug":"hygiaphone","status":"publish","type":"product","link":"https:\/\/www.hellodrumscores.com\/fr\/catalogue\/rock\/hygiaphone\/","title":{"rendered":"Hygiaphone"},"content":{"rendered":"<p><b>Hygiaphone<\/b> est une chanson compos\u00e9e par le groupe T\u00e9l\u00e9phone, sortie en 1977 dans l&rsquo;album T\u00e9l\u00e9phone et chant\u00e9e par Jean-Louis Aubert. Le single s&rsquo;est vendu \u00e0 72 000 exemplaires<sup id=\"cite_ref-1\" class=\"reference\"><\/sup>.<\/p>\n","protected":false},"excerpt":{"rendered":"<p>Rappels 1 + 2<\/p>\n<h2>\ud83e\udd41\ud83e\udd41\ud83e\udd41<span style=\"filter: grayscale(100%)\">\ud83e\udd41\ud83e\udd41<\/span><\/h2>\n","protected":false},"featured_media":0,"template":"","meta":[],"product_brand":[],"product_cat":[17],"product_tag":[60],"class_list":{"0":"post-630","1":"product","2":"type-product","3":"status-publish","5":"product_cat-rock","6":"product_tag-telephone","8":"first","9":"instock","10":"downloadable","11":"virtual","12":"sold-individually","13":"purchasable","14":"product-type-simple"},"jetpack_sharing_enabled":true,"_links":{"self":[{"href":"https:\/\/www.hellodrumscores.com\/fr\/wp-json\/wp\/v2\/product\/630","targetHints":{"allow":["GET"]}}],"collection":[{"href":"https:\/\/www.hellodrumscores.com\/fr\/wp-json\/wp\/v2\/product"}],"about":[{"href":"https:\/\/www.hellodrumscores.com\/fr\/wp-json\/wp\/v2\/types\/product"}],"wp:attachment":[{"href":"https:\/\/www.hellodrumscores.com\/fr\/wp-json\/wp\/v2\/media?parent=630"}],"wp:term":[{"taxonomy":"product_brand","embeddable":true,"href":"https:\/\/www.hellodrumscores.com\/fr\/wp-json\/wp\/v2\/product_brand?post=630"},{"taxonomy":"product_cat","embeddable":true,"href":"https:\/\/www.hellodrumscores.com\/fr\/wp-json\/wp\/v2\/product_cat?post=630"},{"taxonomy":"product_tag","embeddable":true,"href":"https:\/\/www.hellodrumscores.com\/fr\/wp-json\/wp\/v2\/product_tag?post=630"}],"curies":[{"name":"wp","href":"https:\/\/api.w.org\/{rel}","templated":true}]}}