{"id":5868,"date":"2019-11-28T19:55:33","date_gmt":"2019-11-28T18:55:33","guid":{"rendered":"https:\/\/www.hellodrumscores.com\/?post_type=product&#038;p=5868"},"modified":"2019-11-25T11:30:02","modified_gmt":"2019-11-25T10:30:02","slug":"on-ira","status":"publish","type":"product","link":"https:\/\/www.hellodrumscores.com\/fr\/catalogue\/french-pop\/on-ira\/","title":{"rendered":"On ira"},"content":{"rendered":"<p><strong>Isabelle Geffroy<\/strong>, dite Zaz, n\u00e9e le 1er mai 1980 \u00e0 Tours, est une chanteuse fran\u00e7aise m\u00ealant les styles vari\u00e9t\u00e9 fran\u00e7aise, folk et soul.<\/p>\n","protected":false},"excerpt":{"rendered":"<p>Recto Verso<\/p>\n<h2>\ud83e\udd41\ud83e\udd41\ud83e\udd41<span style=\"filter: grayscale(100%);\">\ud83e\udd41\ud83e\udd41<\/span><\/h2>\n","protected":false},"featured_media":5870,"template":"","meta":[],"product_brand":[],"product_cat":[96],"product_tag":[337],"class_list":{"0":"post-5868","1":"product","2":"type-product","3":"status-publish","4":"has-post-thumbnail","6":"product_cat-french-pop","7":"product_tag-zaz","9":"first","10":"instock","11":"downloadable","12":"virtual","13":"sold-individually","14":"purchasable","15":"product-type-simple"},"jetpack_sharing_enabled":true,"_links":{"self":[{"href":"https:\/\/www.hellodrumscores.com\/fr\/wp-json\/wp\/v2\/product\/5868","targetHints":{"allow":["GET"]}}],"collection":[{"href":"https:\/\/www.hellodrumscores.com\/fr\/wp-json\/wp\/v2\/product"}],"about":[{"href":"https:\/\/www.hellodrumscores.com\/fr\/wp-json\/wp\/v2\/types\/product"}],"wp:featuredmedia":[{"embeddable":true,"href":"https:\/\/www.hellodrumscores.com\/fr\/wp-json\/wp\/v2\/media\/5870"}],"wp:attachment":[{"href":"https:\/\/www.hellodrumscores.com\/fr\/wp-json\/wp\/v2\/media?parent=5868"}],"wp:term":[{"taxonomy":"product_brand","embeddable":true,"href":"https:\/\/www.hellodrumscores.com\/fr\/wp-json\/wp\/v2\/product_brand?post=5868"},{"taxonomy":"product_cat","embeddable":true,"href":"https:\/\/www.hellodrumscores.com\/fr\/wp-json\/wp\/v2\/product_cat?post=5868"},{"taxonomy":"product_tag","embeddable":true,"href":"https:\/\/www.hellodrumscores.com\/fr\/wp-json\/wp\/v2\/product_tag?post=5868"}],"curies":[{"name":"wp","href":"https:\/\/api.w.org\/{rel}","templated":true}]}}