{"id":5493,"date":"2019-11-20T19:00:55","date_gmt":"2019-11-20T18:00:55","guid":{"rendered":"https:\/\/www.hellodrumscores.com\/?post_type=product&#038;p=5493"},"modified":"2019-11-17T20:50:04","modified_gmt":"2019-11-17T19:50:04","slug":"dogs-unleashed","status":"publish","type":"product","link":"https:\/\/www.hellodrumscores.com\/fr\/catalogue\/pop-rock\/dogs-unleashed\/","title":{"rendered":"Dogs Unleashed"},"content":{"rendered":"<p><b>Tokio Hotel<\/b> est un groupe de pop rock allemand, originaire de Magdebourg. Form\u00e9 en 2001, et constitu\u00e9 de quatre jeunes allemands, dont des fr\u00e8res jumeaux, le groupe compte au total six albums studio\u00a0: Devilish (2003), Schrei (2005), Zimmer 483 (2007), Humanoid (2009), Kings of Suburbia (2014) et Dream Machine (2017).<\/p>\n","protected":false},"excerpt":{"rendered":"<p>Humanoid<\/p>\n<h2>\ud83e\udd41\ud83e\udd41\ud83e\udd41<span style=\"filter: grayscale(100%)\">\ud83e\udd41\ud83e\udd41<\/span><\/h2>\n","protected":false},"featured_media":5497,"template":"","meta":[],"product_brand":[],"product_cat":[57,290],"product_tag":[331],"class_list":{"0":"post-5493","1":"product","2":"type-product","3":"status-publish","4":"has-post-thumbnail","6":"product_cat-pop-rock","7":"product_cat-teen-pop","8":"product_tag-tokio-hotel","10":"first","11":"instock","12":"downloadable","13":"virtual","14":"sold-individually","15":"purchasable","16":"product-type-simple"},"jetpack_sharing_enabled":true,"_links":{"self":[{"href":"https:\/\/www.hellodrumscores.com\/fr\/wp-json\/wp\/v2\/product\/5493","targetHints":{"allow":["GET"]}}],"collection":[{"href":"https:\/\/www.hellodrumscores.com\/fr\/wp-json\/wp\/v2\/product"}],"about":[{"href":"https:\/\/www.hellodrumscores.com\/fr\/wp-json\/wp\/v2\/types\/product"}],"wp:featuredmedia":[{"embeddable":true,"href":"https:\/\/www.hellodrumscores.com\/fr\/wp-json\/wp\/v2\/media\/5497"}],"wp:attachment":[{"href":"https:\/\/www.hellodrumscores.com\/fr\/wp-json\/wp\/v2\/media?parent=5493"}],"wp:term":[{"taxonomy":"product_brand","embeddable":true,"href":"https:\/\/www.hellodrumscores.com\/fr\/wp-json\/wp\/v2\/product_brand?post=5493"},{"taxonomy":"product_cat","embeddable":true,"href":"https:\/\/www.hellodrumscores.com\/fr\/wp-json\/wp\/v2\/product_cat?post=5493"},{"taxonomy":"product_tag","embeddable":true,"href":"https:\/\/www.hellodrumscores.com\/fr\/wp-json\/wp\/v2\/product_tag?post=5493"}],"curies":[{"name":"wp","href":"https:\/\/api.w.org\/{rel}","templated":true}]}}