{"id":5490,"date":"2019-11-19T19:00:52","date_gmt":"2019-11-19T18:00:52","guid":{"rendered":"https:\/\/www.hellodrumscores.com\/?post_type=product&#038;p=5490"},"modified":"2019-11-17T20:29:50","modified_gmt":"2019-11-17T19:29:50","slug":"china-white","status":"publish","type":"product","link":"https:\/\/www.hellodrumscores.com\/fr\/catalogue\/hard-rock\/china-white\/","title":{"rendered":"China White"},"content":{"rendered":"<p><b>Blackout<\/b> est le huiti\u00e8me album studio du groupe de hard rock allemand Scorpions. Il est sorti le <time class=\"nowrap date-lien\" datetime=\"1982-03-29\" data-sort-value=\"1982-03-29\">29 mars 1982<\/time> sur le label EMI\/Harvest Records en Europe et Mercury Records en Am\u00e9rique du Nord et a \u00e9t\u00e9 produit par Dieter Dierks.<\/p>\n","protected":false},"excerpt":{"rendered":"<p>Blackout<\/p>\n<h2>\ud83e\udd41\ud83e\udd41<span style=\"filter: grayscale(100%);\">\ud83e\udd41\ud83e\udd41\ud83e\udd41<\/span><\/h2>\n","protected":false},"featured_media":5492,"template":"","meta":[],"product_brand":[],"product_cat":[37],"product_tag":[26],"class_list":{"0":"post-5490","1":"product","2":"type-product","3":"status-publish","4":"has-post-thumbnail","6":"product_cat-hard-rock","7":"product_tag-scorpions","9":"first","10":"instock","11":"downloadable","12":"virtual","13":"sold-individually","14":"purchasable","15":"product-type-simple"},"jetpack_sharing_enabled":true,"_links":{"self":[{"href":"https:\/\/www.hellodrumscores.com\/fr\/wp-json\/wp\/v2\/product\/5490","targetHints":{"allow":["GET"]}}],"collection":[{"href":"https:\/\/www.hellodrumscores.com\/fr\/wp-json\/wp\/v2\/product"}],"about":[{"href":"https:\/\/www.hellodrumscores.com\/fr\/wp-json\/wp\/v2\/types\/product"}],"wp:featuredmedia":[{"embeddable":true,"href":"https:\/\/www.hellodrumscores.com\/fr\/wp-json\/wp\/v2\/media\/5492"}],"wp:attachment":[{"href":"https:\/\/www.hellodrumscores.com\/fr\/wp-json\/wp\/v2\/media?parent=5490"}],"wp:term":[{"taxonomy":"product_brand","embeddable":true,"href":"https:\/\/www.hellodrumscores.com\/fr\/wp-json\/wp\/v2\/product_brand?post=5490"},{"taxonomy":"product_cat","embeddable":true,"href":"https:\/\/www.hellodrumscores.com\/fr\/wp-json\/wp\/v2\/product_cat?post=5490"},{"taxonomy":"product_tag","embeddable":true,"href":"https:\/\/www.hellodrumscores.com\/fr\/wp-json\/wp\/v2\/product_tag?post=5490"}],"curies":[{"name":"wp","href":"https:\/\/api.w.org\/{rel}","templated":true}]}}