{"id":5070,"date":"2019-11-09T11:29:43","date_gmt":"2019-11-09T10:29:43","guid":{"rendered":"https:\/\/www.hellodrumscores.com\/?post_type=product&#038;p=5070"},"modified":"2019-11-09T11:29:43","modified_gmt":"2019-11-09T10:29:43","slug":"jme-tire","status":"publish","type":"product","link":"https:\/\/www.hellodrumscores.com\/fr\/catalogue\/pop-rap\/jme-tire\/","title":{"rendered":"J&rsquo;me tire"},"content":{"rendered":"<p><b>J&rsquo;me tire<\/b> est une chanson du chanteur et rappeur franco-congolais Ma\u00eetre Gims. Elle est publi\u00e9e le 15 mars 2013 en tant que deuxi\u00e8me single extrait de son premier album studio Subliminal.<\/p>\n","protected":false},"excerpt":{"rendered":"<p>Subliminal La Face Cach\u00e9e<\/p>\n<h2>\ud83e\udd41<span style=\"filter: grayscale(100%);\">\ud83e\udd41\ud83e\udd41\ud83e\udd41\ud83e\udd41<\/span><\/h2>\n","protected":false},"featured_media":5073,"template":"","meta":[],"product_brand":[],"product_cat":[199],"product_tag":[327],"class_list":{"0":"post-5070","1":"product","2":"type-product","3":"status-publish","4":"has-post-thumbnail","6":"product_cat-pop-rap","7":"product_tag-maitre-gims","9":"first","10":"instock","11":"downloadable","12":"virtual","13":"sold-individually","14":"purchasable","15":"product-type-simple"},"jetpack_sharing_enabled":true,"_links":{"self":[{"href":"https:\/\/www.hellodrumscores.com\/fr\/wp-json\/wp\/v2\/product\/5070","targetHints":{"allow":["GET"]}}],"collection":[{"href":"https:\/\/www.hellodrumscores.com\/fr\/wp-json\/wp\/v2\/product"}],"about":[{"href":"https:\/\/www.hellodrumscores.com\/fr\/wp-json\/wp\/v2\/types\/product"}],"wp:featuredmedia":[{"embeddable":true,"href":"https:\/\/www.hellodrumscores.com\/fr\/wp-json\/wp\/v2\/media\/5073"}],"wp:attachment":[{"href":"https:\/\/www.hellodrumscores.com\/fr\/wp-json\/wp\/v2\/media?parent=5070"}],"wp:term":[{"taxonomy":"product_brand","embeddable":true,"href":"https:\/\/www.hellodrumscores.com\/fr\/wp-json\/wp\/v2\/product_brand?post=5070"},{"taxonomy":"product_cat","embeddable":true,"href":"https:\/\/www.hellodrumscores.com\/fr\/wp-json\/wp\/v2\/product_cat?post=5070"},{"taxonomy":"product_tag","embeddable":true,"href":"https:\/\/www.hellodrumscores.com\/fr\/wp-json\/wp\/v2\/product_tag?post=5070"}],"curies":[{"name":"wp","href":"https:\/\/api.w.org\/{rel}","templated":true}]}}