{"id":480,"date":"2019-05-04T12:51:13","date_gmt":"2019-05-04T10:51:13","guid":{"rendered":"http:\/\/localhost\/wordpress\/?post_type=product&#038;p=480"},"modified":"2019-10-23T20:19:23","modified_gmt":"2019-10-23T18:19:23","slug":"debranche","status":"publish","type":"product","link":"https:\/\/www.hellodrumscores.com\/fr\/catalogue\/synthpop\/debranche\/","title":{"rendered":"D\u00e9branche !"},"content":{"rendered":"<p><b>D\u00e9branche !<\/b> est une chanson de France Gall, \u00e9crite et compos\u00e9e par Michel Berger et parue sur l&rsquo;album \u00e9ponyme le <time class=\"nowrap date-lien\" datetime=\"1984-04-02\" data-sort-value=\"1984-04-02\">2 avril 1984<\/time>, dont il est le premier extrait \u00e0 sortir en single le <time class=\"nowrap date-lien\" datetime=\"1984-04-06\" data-sort-value=\"1984-04-06\">6 avril 1984<\/time>.<\/p>\n","protected":false},"excerpt":{"rendered":"<p>D\u00e9branche !<\/p>\n<h2>\ud83e\udd41<span style=\"filter: grayscale(100%)\">\ud83e\udd41\ud83e\udd41\ud83e\udd41\ud83e\udd41<\/span><\/h2>\n","protected":false},"featured_media":0,"template":"","meta":[],"product_brand":[],"product_cat":[61],"product_tag":[146],"class_list":{"0":"post-480","1":"product","2":"type-product","3":"status-publish","5":"product_cat-synthpop","6":"product_tag-france-gall","8":"first","9":"instock","10":"downloadable","11":"virtual","12":"sold-individually","13":"purchasable","14":"product-type-simple"},"jetpack_sharing_enabled":true,"_links":{"self":[{"href":"https:\/\/www.hellodrumscores.com\/fr\/wp-json\/wp\/v2\/product\/480","targetHints":{"allow":["GET"]}}],"collection":[{"href":"https:\/\/www.hellodrumscores.com\/fr\/wp-json\/wp\/v2\/product"}],"about":[{"href":"https:\/\/www.hellodrumscores.com\/fr\/wp-json\/wp\/v2\/types\/product"}],"wp:attachment":[{"href":"https:\/\/www.hellodrumscores.com\/fr\/wp-json\/wp\/v2\/media?parent=480"}],"wp:term":[{"taxonomy":"product_brand","embeddable":true,"href":"https:\/\/www.hellodrumscores.com\/fr\/wp-json\/wp\/v2\/product_brand?post=480"},{"taxonomy":"product_cat","embeddable":true,"href":"https:\/\/www.hellodrumscores.com\/fr\/wp-json\/wp\/v2\/product_cat?post=480"},{"taxonomy":"product_tag","embeddable":true,"href":"https:\/\/www.hellodrumscores.com\/fr\/wp-json\/wp\/v2\/product_tag?post=480"}],"curies":[{"name":"wp","href":"https:\/\/api.w.org\/{rel}","templated":true}]}}