{"id":476,"date":"2019-05-04T12:45:11","date_gmt":"2019-05-04T10:45:11","guid":{"rendered":"http:\/\/localhost\/wordpress\/?post_type=product&#038;p=476"},"modified":"2019-10-23T20:19:35","modified_gmt":"2019-10-23T18:19:35","slug":"danza-kuduro","status":"publish","type":"product","link":"https:\/\/www.hellodrumscores.com\/fr\/catalogue\/latino\/danza-kuduro\/","title":{"rendered":"Danza Kuduro"},"content":{"rendered":"<p><strong>Danza Kuduro<\/strong> est une chanson kuduro du chanteur Lucenzo (originaire du Portugal et r\u00e9sidant en France) en collaboration avec le chanteur de reggaeton Don Omar sortie le 15 ao\u00fbt 2010. Ce titre est la version en portugais\/espagnol de la version originale Vem Dan\u00e7ar Kuduro avec le rappeur Big Ali, qui a \u00e9t\u00e9 elle plus connue en France, la version Danza Kuduro est sortie en single plus tard en France que dans les autres pays.<\/p>\n","protected":false},"excerpt":{"rendered":"<p>Meet The Orphans<\/p>\n<h2>\ud83e\udd41\ud83e\udd41<span style=\"filter: grayscale(100%)\">\ud83e\udd41\ud83e\udd41\ud83e\udd41<\/span><\/h2>\n","protected":false},"featured_media":0,"template":"","meta":[],"product_brand":[],"product_cat":[144],"product_tag":[145],"class_list":{"0":"post-476","1":"product","2":"type-product","3":"status-publish","5":"product_cat-latino","6":"product_tag-don-omar","8":"first","9":"instock","10":"downloadable","11":"virtual","12":"sold-individually","13":"purchasable","14":"product-type-simple"},"jetpack_sharing_enabled":true,"_links":{"self":[{"href":"https:\/\/www.hellodrumscores.com\/fr\/wp-json\/wp\/v2\/product\/476","targetHints":{"allow":["GET"]}}],"collection":[{"href":"https:\/\/www.hellodrumscores.com\/fr\/wp-json\/wp\/v2\/product"}],"about":[{"href":"https:\/\/www.hellodrumscores.com\/fr\/wp-json\/wp\/v2\/types\/product"}],"wp:attachment":[{"href":"https:\/\/www.hellodrumscores.com\/fr\/wp-json\/wp\/v2\/media?parent=476"}],"wp:term":[{"taxonomy":"product_brand","embeddable":true,"href":"https:\/\/www.hellodrumscores.com\/fr\/wp-json\/wp\/v2\/product_brand?post=476"},{"taxonomy":"product_cat","embeddable":true,"href":"https:\/\/www.hellodrumscores.com\/fr\/wp-json\/wp\/v2\/product_cat?post=476"},{"taxonomy":"product_tag","embeddable":true,"href":"https:\/\/www.hellodrumscores.com\/fr\/wp-json\/wp\/v2\/product_tag?post=476"}],"curies":[{"name":"wp","href":"https:\/\/api.w.org\/{rel}","templated":true}]}}