{"id":428,"date":"2019-05-01T11:46:23","date_gmt":"2019-05-01T09:46:23","guid":{"rendered":"http:\/\/localhost\/wordpress\/?post_type=product&#038;p=428"},"modified":"2022-02-17T11:32:25","modified_gmt":"2022-02-17T10:32:25","slug":"antisocial","status":"publish","type":"product","link":"https:\/\/www.hellodrumscores.com\/fr\/catalogue\/hard-rock\/antisocial\/","title":{"rendered":"Antisocial"},"content":{"rendered":"<p><b>Antisocial<\/b> est une chanson du groupe de hard rock fran\u00e7ais Trust. Elle est parue sur le deuxi\u00e8me album de Trust, R\u00e9pression, en 1980.<\/p>\n","protected":false},"excerpt":{"rendered":"<p>R\u00e9pression<\/p>\n<h2>\ud83e\udd41\ud83e\udd41\ud83e\udd41<span style=\"filter: grayscale(100%);\">\ud83e\udd41\ud83e\udd41<\/span><\/h2>\n","protected":false},"featured_media":11992,"template":"","meta":[],"product_brand":[],"product_cat":[37],"product_tag":[120],"class_list":{"0":"post-428","1":"product","2":"type-product","3":"status-publish","4":"has-post-thumbnail","6":"product_cat-hard-rock","7":"product_tag-trust","9":"first","10":"instock","11":"downloadable","12":"virtual","13":"sold-individually","14":"purchasable","15":"product-type-simple"},"jetpack_sharing_enabled":true,"_links":{"self":[{"href":"https:\/\/www.hellodrumscores.com\/fr\/wp-json\/wp\/v2\/product\/428","targetHints":{"allow":["GET"]}}],"collection":[{"href":"https:\/\/www.hellodrumscores.com\/fr\/wp-json\/wp\/v2\/product"}],"about":[{"href":"https:\/\/www.hellodrumscores.com\/fr\/wp-json\/wp\/v2\/types\/product"}],"wp:featuredmedia":[{"embeddable":true,"href":"https:\/\/www.hellodrumscores.com\/fr\/wp-json\/wp\/v2\/media\/11992"}],"wp:attachment":[{"href":"https:\/\/www.hellodrumscores.com\/fr\/wp-json\/wp\/v2\/media?parent=428"}],"wp:term":[{"taxonomy":"product_brand","embeddable":true,"href":"https:\/\/www.hellodrumscores.com\/fr\/wp-json\/wp\/v2\/product_brand?post=428"},{"taxonomy":"product_cat","embeddable":true,"href":"https:\/\/www.hellodrumscores.com\/fr\/wp-json\/wp\/v2\/product_cat?post=428"},{"taxonomy":"product_tag","embeddable":true,"href":"https:\/\/www.hellodrumscores.com\/fr\/wp-json\/wp\/v2\/product_tag?post=428"}],"curies":[{"name":"wp","href":"https:\/\/api.w.org\/{rel}","templated":true}]}}