{"id":3971,"date":"2019-10-19T20:00:47","date_gmt":"2019-10-19T18:00:47","guid":{"rendered":"https:\/\/www.hellodrumscores.com\/?post_type=product&#038;p=3971"},"modified":"2019-10-23T19:08:17","modified_gmt":"2019-10-23T17:08:17","slug":"devil","status":"publish","type":"product","link":"https:\/\/www.hellodrumscores.com\/fr\/catalogue\/k-pop\/devil\/","title":{"rendered":"Devil"},"content":{"rendered":"<p><strong>CLC<\/strong> est un girl group sud-cor\u00e9en form\u00e9 par Cube Entertainment en 2015. CLC est un sigle pour CrystaL Clear. Le groupe fait ses d\u00e9buts officiels avec la sortie de son premier mini-album, First Love le 19 mars.<\/p>\n","protected":false},"excerpt":{"rendered":"<p>Devil<\/p>\n<h2>\ud83e\udd41\ud83e\udd41\ud83e\udd41<span style=\"filter: grayscale(100%)\">\ud83e\udd41\ud83e\udd41<\/span><\/h2>\n","protected":false},"featured_media":3973,"template":"","meta":[],"product_brand":[],"product_cat":[238],"product_tag":[319],"class_list":{"0":"post-3971","1":"product","2":"type-product","3":"status-publish","4":"has-post-thumbnail","6":"product_cat-k-pop","7":"product_tag-clc","9":"first","10":"instock","11":"downloadable","12":"virtual","13":"sold-individually","14":"purchasable","15":"product-type-simple"},"jetpack_sharing_enabled":true,"_links":{"self":[{"href":"https:\/\/www.hellodrumscores.com\/fr\/wp-json\/wp\/v2\/product\/3971","targetHints":{"allow":["GET"]}}],"collection":[{"href":"https:\/\/www.hellodrumscores.com\/fr\/wp-json\/wp\/v2\/product"}],"about":[{"href":"https:\/\/www.hellodrumscores.com\/fr\/wp-json\/wp\/v2\/types\/product"}],"wp:featuredmedia":[{"embeddable":true,"href":"https:\/\/www.hellodrumscores.com\/fr\/wp-json\/wp\/v2\/media\/3973"}],"wp:attachment":[{"href":"https:\/\/www.hellodrumscores.com\/fr\/wp-json\/wp\/v2\/media?parent=3971"}],"wp:term":[{"taxonomy":"product_brand","embeddable":true,"href":"https:\/\/www.hellodrumscores.com\/fr\/wp-json\/wp\/v2\/product_brand?post=3971"},{"taxonomy":"product_cat","embeddable":true,"href":"https:\/\/www.hellodrumscores.com\/fr\/wp-json\/wp\/v2\/product_cat?post=3971"},{"taxonomy":"product_tag","embeddable":true,"href":"https:\/\/www.hellodrumscores.com\/fr\/wp-json\/wp\/v2\/product_tag?post=3971"}],"curies":[{"name":"wp","href":"https:\/\/api.w.org\/{rel}","templated":true}]}}