{"id":385,"date":"2019-04-24T13:40:51","date_gmt":"2019-04-24T11:40:51","guid":{"rendered":"http:\/\/localhost\/wordpress\/?post_type=product&#038;p=385"},"modified":"2019-10-23T20:27:45","modified_gmt":"2019-10-23T18:27:45","slug":"coast-to-coast","status":"publish","type":"product","link":"https:\/\/www.hellodrumscores.com\/fr\/catalogue\/hard-rock\/coast-to-coast\/","title":{"rendered":"Coast To Coast"},"content":{"rendered":"<p><strong>Lovedrive <\/strong>est le sixi\u00e8me album du groupe allemand de hard rock Scorpions. Il est sorti le 29 f\u00e9vrier 1979 sur le label Harvest \/ EMI et a \u00e9t\u00e9 produit par Dieter Dierks. Cet album marque un changement stylistique important et ouvre au groupe la voie du succ\u00e8s international. Il est souvent consid\u00e9r\u00e9 comme l&rsquo;un des meilleurs albums des Scorpions.<\/p>\n","protected":false},"excerpt":{"rendered":"<p>Lovedrive<\/p>\n<h2>\ud83e\udd41\ud83e\udd41<span style=\"filter: grayscale(100%)\">\ud83e\udd41\ud83e\udd41\ud83e\udd41<\/span><\/h2>\n","protected":false},"featured_media":0,"template":"","meta":[],"product_brand":[],"product_cat":[37],"product_tag":[26],"class_list":{"0":"post-385","1":"product","2":"type-product","3":"status-publish","5":"product_cat-hard-rock","6":"product_tag-scorpions","8":"first","9":"instock","10":"downloadable","11":"virtual","12":"sold-individually","13":"purchasable","14":"product-type-simple"},"jetpack_sharing_enabled":true,"_links":{"self":[{"href":"https:\/\/www.hellodrumscores.com\/fr\/wp-json\/wp\/v2\/product\/385","targetHints":{"allow":["GET"]}}],"collection":[{"href":"https:\/\/www.hellodrumscores.com\/fr\/wp-json\/wp\/v2\/product"}],"about":[{"href":"https:\/\/www.hellodrumscores.com\/fr\/wp-json\/wp\/v2\/types\/product"}],"wp:attachment":[{"href":"https:\/\/www.hellodrumscores.com\/fr\/wp-json\/wp\/v2\/media?parent=385"}],"wp:term":[{"taxonomy":"product_brand","embeddable":true,"href":"https:\/\/www.hellodrumscores.com\/fr\/wp-json\/wp\/v2\/product_brand?post=385"},{"taxonomy":"product_cat","embeddable":true,"href":"https:\/\/www.hellodrumscores.com\/fr\/wp-json\/wp\/v2\/product_cat?post=385"},{"taxonomy":"product_tag","embeddable":true,"href":"https:\/\/www.hellodrumscores.com\/fr\/wp-json\/wp\/v2\/product_tag?post=385"}],"curies":[{"name":"wp","href":"https:\/\/api.w.org\/{rel}","templated":true}]}}