{"id":358,"date":"2019-04-07T20:21:33","date_gmt":"2019-04-07T18:21:33","guid":{"rendered":"http:\/\/localhost\/wordpress\/?post_type=product&#038;p=358"},"modified":"2019-10-23T20:29:00","modified_gmt":"2019-10-23T18:29:00","slug":"casser-la-voix","status":"publish","type":"product","link":"https:\/\/www.hellodrumscores.com\/fr\/catalogue\/french-pop\/casser-la-voix\/","title":{"rendered":"Casser La Voix"},"content":{"rendered":"<p><b>Casser la voix<\/b> est une chanson de Patrick Bruel, sortie en 1989. Premier single de l&rsquo;album Alors regarde, co\u00e9crit par Patrick Bruel et G\u00e9rard Presgurvic, ce tube va d\u00e9clencher la Bruelmania.<\/p>\n","protected":false},"excerpt":{"rendered":"<p>Alors Regarde<\/p>\n<h2>\ud83e\udd41\ud83e\udd41\ud83e\udd41<span style=\"filter: grayscale(100%)\">\ud83e\udd41\ud83e\udd41<\/span><\/h2>\n","protected":false},"featured_media":2377,"template":"","meta":[],"product_brand":[],"product_cat":[96],"product_tag":[97],"class_list":{"0":"post-358","1":"product","2":"type-product","3":"status-publish","4":"has-post-thumbnail","6":"product_cat-french-pop","7":"product_tag-patrick-bruel","9":"first","10":"instock","11":"downloadable","12":"virtual","13":"sold-individually","14":"purchasable","15":"product-type-simple"},"jetpack_sharing_enabled":true,"_links":{"self":[{"href":"https:\/\/www.hellodrumscores.com\/fr\/wp-json\/wp\/v2\/product\/358","targetHints":{"allow":["GET"]}}],"collection":[{"href":"https:\/\/www.hellodrumscores.com\/fr\/wp-json\/wp\/v2\/product"}],"about":[{"href":"https:\/\/www.hellodrumscores.com\/fr\/wp-json\/wp\/v2\/types\/product"}],"wp:featuredmedia":[{"embeddable":true,"href":"https:\/\/www.hellodrumscores.com\/fr\/wp-json\/wp\/v2\/media\/2377"}],"wp:attachment":[{"href":"https:\/\/www.hellodrumscores.com\/fr\/wp-json\/wp\/v2\/media?parent=358"}],"wp:term":[{"taxonomy":"product_brand","embeddable":true,"href":"https:\/\/www.hellodrumscores.com\/fr\/wp-json\/wp\/v2\/product_brand?post=358"},{"taxonomy":"product_cat","embeddable":true,"href":"https:\/\/www.hellodrumscores.com\/fr\/wp-json\/wp\/v2\/product_cat?post=358"},{"taxonomy":"product_tag","embeddable":true,"href":"https:\/\/www.hellodrumscores.com\/fr\/wp-json\/wp\/v2\/product_tag?post=358"}],"curies":[{"name":"wp","href":"https:\/\/api.w.org\/{rel}","templated":true}]}}