{"id":355,"date":"2019-04-07T20:17:29","date_gmt":"2019-04-07T18:17:29","guid":{"rendered":"http:\/\/localhost\/wordpress\/?post_type=product&#038;p=355"},"modified":"2019-10-23T20:29:10","modified_gmt":"2019-10-23T18:29:10","slug":"cargo","status":"publish","type":"product","link":"https:\/\/www.hellodrumscores.com\/fr\/catalogue\/rock\/cargo\/","title":{"rendered":"Cargo"},"content":{"rendered":"<p><b>Cargo<\/b> est le premier single d&rsquo;Axel Bauer sorti en 1984, qui conna\u00eet un grand succ\u00e8s en France, o\u00f9 il se vend \u00e0 plus de 500 000 exemplaires.<\/p>\n","protected":false},"excerpt":{"rendered":"<p>Cargo &#8211; EP<\/p>\n<h2>\ud83e\udd41\ud83e\udd41<span style=\"filter: grayscale(100%)\">\ud83e\udd41\ud83e\udd41\ud83e\udd41<\/span><\/h2>\n","protected":false},"featured_media":2373,"template":"","meta":[],"product_brand":[],"product_cat":[17],"product_tag":[95],"class_list":{"0":"post-355","1":"product","2":"type-product","3":"status-publish","4":"has-post-thumbnail","6":"product_cat-rock","7":"product_tag-axel-bauer","9":"first","10":"instock","11":"downloadable","12":"virtual","13":"sold-individually","14":"purchasable","15":"product-type-simple"},"jetpack_sharing_enabled":true,"_links":{"self":[{"href":"https:\/\/www.hellodrumscores.com\/fr\/wp-json\/wp\/v2\/product\/355","targetHints":{"allow":["GET"]}}],"collection":[{"href":"https:\/\/www.hellodrumscores.com\/fr\/wp-json\/wp\/v2\/product"}],"about":[{"href":"https:\/\/www.hellodrumscores.com\/fr\/wp-json\/wp\/v2\/types\/product"}],"wp:featuredmedia":[{"embeddable":true,"href":"https:\/\/www.hellodrumscores.com\/fr\/wp-json\/wp\/v2\/media\/2373"}],"wp:attachment":[{"href":"https:\/\/www.hellodrumscores.com\/fr\/wp-json\/wp\/v2\/media?parent=355"}],"wp:term":[{"taxonomy":"product_brand","embeddable":true,"href":"https:\/\/www.hellodrumscores.com\/fr\/wp-json\/wp\/v2\/product_brand?post=355"},{"taxonomy":"product_cat","embeddable":true,"href":"https:\/\/www.hellodrumscores.com\/fr\/wp-json\/wp\/v2\/product_cat?post=355"},{"taxonomy":"product_tag","embeddable":true,"href":"https:\/\/www.hellodrumscores.com\/fr\/wp-json\/wp\/v2\/product_tag?post=355"}],"curies":[{"name":"wp","href":"https:\/\/api.w.org\/{rel}","templated":true}]}}