{"id":352,"date":"2019-04-07T20:13:19","date_gmt":"2019-04-07T18:13:19","guid":{"rendered":"http:\/\/localhost\/wordpress\/?post_type=product&#038;p=352"},"modified":"2019-10-23T20:29:28","modified_gmt":"2019-10-23T18:29:28","slug":"capitaine-abandonne","status":"publish","type":"product","link":"https:\/\/www.hellodrumscores.com\/fr\/catalogue\/synthpop\/capitaine-abandonne\/","title":{"rendered":"Capitaine Abandonn\u00e9"},"content":{"rendered":"<p><b>Capitaine abandonn\u00e9<\/b> est une chanson de 1985 interpr\u00e9t\u00e9e par Gold. Single extrait de l&rsquo;album homonyme de 1986, Capitaine abandonn\u00e9 a atteint la premi\u00e8re place du Top 50 plusieurs semaines, \u00e0 partir de f\u00e9vrier 1986 et s&rsquo;est vendue \u00e0 657 000 exemplaires. Elle rend hommage aux grands sportifs et aux aventuriers, plus sp\u00e9cifiquement \u00e0 Arnaud de Rosnay et Philippe de Dieuleveult, disparus respectivement en 1984 et 1985, ainsi qu&rsquo;\u00e0 Philippe Jeantot.<\/p>\n","protected":false},"excerpt":{"rendered":"<p>Le Best Of<\/p>\n<h2>\ud83e\udd41\ud83e\udd41<span style=\"filter: grayscale(100%)\">\ud83e\udd41\ud83e\udd41\ud83e\udd41<\/span><\/h2>\n","protected":false},"featured_media":2371,"template":"","meta":[],"product_brand":[],"product_cat":[61],"product_tag":[94],"class_list":{"0":"post-352","1":"product","2":"type-product","3":"status-publish","4":"has-post-thumbnail","6":"product_cat-synthpop","7":"product_tag-gold","9":"first","10":"instock","11":"downloadable","12":"virtual","13":"sold-individually","14":"purchasable","15":"product-type-simple"},"jetpack_sharing_enabled":true,"_links":{"self":[{"href":"https:\/\/www.hellodrumscores.com\/fr\/wp-json\/wp\/v2\/product\/352","targetHints":{"allow":["GET"]}}],"collection":[{"href":"https:\/\/www.hellodrumscores.com\/fr\/wp-json\/wp\/v2\/product"}],"about":[{"href":"https:\/\/www.hellodrumscores.com\/fr\/wp-json\/wp\/v2\/types\/product"}],"wp:featuredmedia":[{"embeddable":true,"href":"https:\/\/www.hellodrumscores.com\/fr\/wp-json\/wp\/v2\/media\/2371"}],"wp:attachment":[{"href":"https:\/\/www.hellodrumscores.com\/fr\/wp-json\/wp\/v2\/media?parent=352"}],"wp:term":[{"taxonomy":"product_brand","embeddable":true,"href":"https:\/\/www.hellodrumscores.com\/fr\/wp-json\/wp\/v2\/product_brand?post=352"},{"taxonomy":"product_cat","embeddable":true,"href":"https:\/\/www.hellodrumscores.com\/fr\/wp-json\/wp\/v2\/product_cat?post=352"},{"taxonomy":"product_tag","embeddable":true,"href":"https:\/\/www.hellodrumscores.com\/fr\/wp-json\/wp\/v2\/product_tag?post=352"}],"curies":[{"name":"wp","href":"https:\/\/api.w.org\/{rel}","templated":true}]}}