{"id":327,"date":"2019-04-04T21:02:14","date_gmt":"2019-04-04T19:02:14","guid":{"rendered":"http:\/\/localhost\/wordpress\/?post_type=product&#038;p=327"},"modified":"2019-10-23T20:30:20","modified_gmt":"2019-10-23T18:30:20","slug":"blame","status":"publish","type":"product","link":"https:\/\/www.hellodrumscores.com\/fr\/catalogue\/alternative-rock\/blame\/","title":{"rendered":"Blame"},"content":{"rendered":"<p><strong>Blame<\/strong> est le troisi\u00e8me extrait tir\u00e9 du deuxi\u00e8me album de Bastille, Wild World. La chanson est la piste num\u00e9ro 11 de la version compl\u00e8te de l&rsquo;album.<\/p>\n","protected":false},"excerpt":{"rendered":"<p>Wild World<\/p>\n<h2>\ud83e\udd41<span style=\"filter: grayscale(100%)\">\ud83e\udd41\ud83e\udd41\ud83e\udd41\ud83e\udd41<\/span><\/h2>\n","protected":false},"featured_media":2358,"template":"","meta":[],"product_brand":[],"product_cat":[70],"product_tag":[82],"class_list":{"0":"post-327","1":"product","2":"type-product","3":"status-publish","4":"has-post-thumbnail","6":"product_cat-alternative-rock","7":"product_tag-bastille","9":"first","10":"instock","11":"downloadable","12":"virtual","13":"sold-individually","14":"purchasable","15":"product-type-simple"},"jetpack_sharing_enabled":true,"_links":{"self":[{"href":"https:\/\/www.hellodrumscores.com\/fr\/wp-json\/wp\/v2\/product\/327","targetHints":{"allow":["GET"]}}],"collection":[{"href":"https:\/\/www.hellodrumscores.com\/fr\/wp-json\/wp\/v2\/product"}],"about":[{"href":"https:\/\/www.hellodrumscores.com\/fr\/wp-json\/wp\/v2\/types\/product"}],"wp:featuredmedia":[{"embeddable":true,"href":"https:\/\/www.hellodrumscores.com\/fr\/wp-json\/wp\/v2\/media\/2358"}],"wp:attachment":[{"href":"https:\/\/www.hellodrumscores.com\/fr\/wp-json\/wp\/v2\/media?parent=327"}],"wp:term":[{"taxonomy":"product_brand","embeddable":true,"href":"https:\/\/www.hellodrumscores.com\/fr\/wp-json\/wp\/v2\/product_brand?post=327"},{"taxonomy":"product_cat","embeddable":true,"href":"https:\/\/www.hellodrumscores.com\/fr\/wp-json\/wp\/v2\/product_cat?post=327"},{"taxonomy":"product_tag","embeddable":true,"href":"https:\/\/www.hellodrumscores.com\/fr\/wp-json\/wp\/v2\/product_tag?post=327"}],"curies":[{"name":"wp","href":"https:\/\/api.w.org\/{rel}","templated":true}]}}