{"id":286,"date":"2019-04-02T12:36:27","date_gmt":"2019-04-02T10:36:27","guid":{"rendered":"http:\/\/localhost\/wordpress\/?post_type=product&#038;p=286"},"modified":"2019-10-23T20:34:14","modified_gmt":"2019-10-23T18:34:14","slug":"au-bout-de-mes-reves","status":"publish","type":"product","link":"https:\/\/www.hellodrumscores.com\/fr\/catalogue\/pop-rock\/au-bout-de-mes-reves\/","title":{"rendered":"Au Bout De Mes R\u00eaves"},"content":{"rendered":"<p><strong>Au bout de mes r\u00eaves <\/strong>est une chanson de Jean-Jacques Goldman. Parue sur l&rsquo;album Jean-Jacques Goldman (Minoritaire) en 1982, elle sort en 1983 en single, comme troisi\u00e8me et dernier extrait. Le 45 tours s&rsquo;est \u00e9coul\u00e9 \u00e0 300.000 copies<sup id=\"cite_ref-2\" class=\"reference\"><\/sup>.<\/p>\n","protected":false},"excerpt":{"rendered":"<p>Singulier 81-89<\/p>\n<h2>\ud83e\udd41<span style=\"filter: grayscale(100%)\">\ud83e\udd41\ud83e\udd41\ud83e\udd41\ud83e\udd41<\/span><\/h2>\n","protected":false},"featured_media":2347,"template":"","meta":[],"product_brand":[],"product_cat":[57],"product_tag":[260],"class_list":{"0":"post-286","1":"product","2":"type-product","3":"status-publish","4":"has-post-thumbnail","6":"product_cat-pop-rock","7":"product_tag-jean-jacques-goldman","9":"first","10":"instock","11":"downloadable","12":"virtual","13":"sold-individually","14":"purchasable","15":"product-type-simple"},"jetpack_sharing_enabled":true,"_links":{"self":[{"href":"https:\/\/www.hellodrumscores.com\/fr\/wp-json\/wp\/v2\/product\/286","targetHints":{"allow":["GET"]}}],"collection":[{"href":"https:\/\/www.hellodrumscores.com\/fr\/wp-json\/wp\/v2\/product"}],"about":[{"href":"https:\/\/www.hellodrumscores.com\/fr\/wp-json\/wp\/v2\/types\/product"}],"wp:featuredmedia":[{"embeddable":true,"href":"https:\/\/www.hellodrumscores.com\/fr\/wp-json\/wp\/v2\/media\/2347"}],"wp:attachment":[{"href":"https:\/\/www.hellodrumscores.com\/fr\/wp-json\/wp\/v2\/media?parent=286"}],"wp:term":[{"taxonomy":"product_brand","embeddable":true,"href":"https:\/\/www.hellodrumscores.com\/fr\/wp-json\/wp\/v2\/product_brand?post=286"},{"taxonomy":"product_cat","embeddable":true,"href":"https:\/\/www.hellodrumscores.com\/fr\/wp-json\/wp\/v2\/product_cat?post=286"},{"taxonomy":"product_tag","embeddable":true,"href":"https:\/\/www.hellodrumscores.com\/fr\/wp-json\/wp\/v2\/product_tag?post=286"}],"curies":[{"name":"wp","href":"https:\/\/api.w.org\/{rel}","templated":true}]}}