{"id":259,"date":"2019-03-23T14:32:06","date_gmt":"2019-03-23T13:32:06","guid":{"rendered":"http:\/\/localhost\/wordpress\/?post_type=product&#038;p=259"},"modified":"2019-09-27T17:08:55","modified_gmt":"2019-09-27T15:08:55","slug":"allumer-le-feu","status":"publish","type":"product","link":"https:\/\/www.hellodrumscores.com\/fr\/catalogue\/rock\/allumer-le-feu\/","title":{"rendered":"Allumer Le Feu"},"content":{"rendered":"<p><strong>Allumer le feu<\/strong> est une chanson de Johnny Hallyday \u00e9crite par Zazie et compos\u00e9e par Pascal Obispo et Pierre Jaconelli. La chanson figure sur son 41\u00e8me album studio Ce que je sais sorti en 1998.<\/p>\n","protected":false},"excerpt":{"rendered":"<p>Triple Best Of Johnny Hallyday<\/p>\n<h2>\ud83e\udd41\ud83e\udd41\ud83e\udd41<span style=\"filter: grayscale(100%)\">\ud83e\udd41\ud83e\udd41<\/span><\/h2>\n","protected":false},"featured_media":0,"template":"","meta":[],"product_brand":[],"product_cat":[17],"product_tag":[55],"class_list":{"0":"post-259","1":"product","2":"type-product","3":"status-publish","5":"product_cat-rock","6":"product_tag-johnny-hallyday","8":"first","9":"instock","10":"downloadable","11":"virtual","12":"sold-individually","13":"purchasable","14":"product-type-simple"},"jetpack_sharing_enabled":true,"_links":{"self":[{"href":"https:\/\/www.hellodrumscores.com\/fr\/wp-json\/wp\/v2\/product\/259","targetHints":{"allow":["GET"]}}],"collection":[{"href":"https:\/\/www.hellodrumscores.com\/fr\/wp-json\/wp\/v2\/product"}],"about":[{"href":"https:\/\/www.hellodrumscores.com\/fr\/wp-json\/wp\/v2\/types\/product"}],"wp:attachment":[{"href":"https:\/\/www.hellodrumscores.com\/fr\/wp-json\/wp\/v2\/media?parent=259"}],"wp:term":[{"taxonomy":"product_brand","embeddable":true,"href":"https:\/\/www.hellodrumscores.com\/fr\/wp-json\/wp\/v2\/product_brand?post=259"},{"taxonomy":"product_cat","embeddable":true,"href":"https:\/\/www.hellodrumscores.com\/fr\/wp-json\/wp\/v2\/product_cat?post=259"},{"taxonomy":"product_tag","embeddable":true,"href":"https:\/\/www.hellodrumscores.com\/fr\/wp-json\/wp\/v2\/product_tag?post=259"}],"curies":[{"name":"wp","href":"https:\/\/api.w.org\/{rel}","templated":true}]}}