{"id":205,"date":"2019-03-19T18:28:57","date_gmt":"2019-03-19T17:28:57","guid":{"rendered":"http:\/\/localhost\/wordpress\/?post_type=product&#038;p=205"},"modified":"2019-10-23T20:37:48","modified_gmt":"2019-10-23T18:37:48","slug":"dawn-of-victory","status":"publish","type":"product","link":"https:\/\/www.hellodrumscores.com\/fr\/catalogue\/power-metal\/dawn-of-victory\/","title":{"rendered":"Dawn Of Victory"},"content":{"rendered":"<p><b>Dawn of Victory<\/b> (l&rsquo;aube de la victoire) constitue la suite de la Saga de l&rsquo;Ep\u00e9e d&rsquo;Emeraude et marque un tournant des trag\u00e9dies. L&rsquo;Ep\u00e9e d\u2019Emeraude est aux mains du Guerrier de Glace et avec cette arme l\u00e9gendaire, il lib\u00e9ra Ancelot du si\u00e8ge men\u00e9 par le personnage nouvellement pr\u00e9sent\u00e9 : Dargor. Celui-ci se retira d&rsquo;Ancelot et retourna \u00e0 Hargor. Pendant ce temps, le guerrier entendit d&rsquo;Arwald qu&rsquo;Airin et les autres prisonniers \u00e9taient toujours en vie. Tandis qu&rsquo;ils r\u00e9fl\u00e9chissaient \u00e0 un moyen de les sauver, ils re\u00e7urent un message d&rsquo;Akron d\u00e9clarant qu&rsquo;ils devaient lui donner l&rsquo;Ep\u00e9e d\u2019Emeraude, ou il tuerait tous les prisonniers un par un. Le Guerrier de Glace et Arwald n&rsquo;eurent d\u2019autre choix que d\u2019accepter et de rencontrer Akron \u00e0 Hargor.<\/p>\n","protected":false},"excerpt":{"rendered":"<p>Dawn Of Victory<\/p>\n<h2>\ud83e\udd41\ud83e\udd41\ud83e\udd41\ud83e\udd41\ud83e\udd41<\/h2>\n","protected":false},"featured_media":0,"template":"","meta":[],"product_brand":[],"product_cat":[28],"product_tag":[295],"class_list":{"0":"post-205","1":"product","2":"type-product","3":"status-publish","5":"product_cat-power-metal","6":"product_tag-rhapsody","8":"first","9":"instock","10":"downloadable","11":"virtual","12":"sold-individually","13":"purchasable","14":"product-type-simple"},"jetpack_sharing_enabled":true,"_links":{"self":[{"href":"https:\/\/www.hellodrumscores.com\/fr\/wp-json\/wp\/v2\/product\/205","targetHints":{"allow":["GET"]}}],"collection":[{"href":"https:\/\/www.hellodrumscores.com\/fr\/wp-json\/wp\/v2\/product"}],"about":[{"href":"https:\/\/www.hellodrumscores.com\/fr\/wp-json\/wp\/v2\/types\/product"}],"wp:attachment":[{"href":"https:\/\/www.hellodrumscores.com\/fr\/wp-json\/wp\/v2\/media?parent=205"}],"wp:term":[{"taxonomy":"product_brand","embeddable":true,"href":"https:\/\/www.hellodrumscores.com\/fr\/wp-json\/wp\/v2\/product_brand?post=205"},{"taxonomy":"product_cat","embeddable":true,"href":"https:\/\/www.hellodrumscores.com\/fr\/wp-json\/wp\/v2\/product_cat?post=205"},{"taxonomy":"product_tag","embeddable":true,"href":"https:\/\/www.hellodrumscores.com\/fr\/wp-json\/wp\/v2\/product_tag?post=205"}],"curies":[{"name":"wp","href":"https:\/\/api.w.org\/{rel}","templated":true}]}}