{"id":19,"date":"2019-03-06T21:55:46","date_gmt":"2019-03-06T20:55:46","guid":{"rendered":"http:\/\/localhost\/wordpress\/?post_type=product&#038;p=19"},"modified":"2019-10-27T22:03:06","modified_gmt":"2019-10-27T21:03:06","slug":"3-nuits-par-semaine","status":"publish","type":"product","link":"https:\/\/www.hellodrumscores.com\/fr\/catalogue\/rock\/3-nuits-par-semaine\/","title":{"rendered":"Trois Nuits Par Semaine"},"content":{"rendered":"<p><strong>Trois nuits par semaine<\/strong> est une chanson d&rsquo;Indochine parue dans l&rsquo;album 3 en 1985. Elle est pr\u00e9sente sur la face B de 3e sexe paru en 1985. La chanson est directement inspir\u00e9e de L&rsquo;Amant, roman \u00e0 forte connotation \u00e9rotique et sensuelle de Marguerite Duras.<\/p>\n","protected":false},"excerpt":{"rendered":"<p>Le Birthday Album<\/p>\n<h2>\ud83e\udd41<span style=\"filter: grayscale(100%);\">\ud83e\udd41\ud83e\udd41\ud83e\udd41\ud83e\udd41<\/span><\/h2>\n","protected":false},"featured_media":4403,"template":"","meta":[],"product_brand":[],"product_cat":[17],"product_tag":[18],"class_list":{"0":"post-19","1":"product","2":"type-product","3":"status-publish","4":"has-post-thumbnail","6":"product_cat-rock","7":"product_tag-indochine","9":"first","10":"instock","11":"downloadable","12":"virtual","13":"sold-individually","14":"purchasable","15":"product-type-simple"},"jetpack_sharing_enabled":true,"_links":{"self":[{"href":"https:\/\/www.hellodrumscores.com\/fr\/wp-json\/wp\/v2\/product\/19","targetHints":{"allow":["GET"]}}],"collection":[{"href":"https:\/\/www.hellodrumscores.com\/fr\/wp-json\/wp\/v2\/product"}],"about":[{"href":"https:\/\/www.hellodrumscores.com\/fr\/wp-json\/wp\/v2\/types\/product"}],"wp:featuredmedia":[{"embeddable":true,"href":"https:\/\/www.hellodrumscores.com\/fr\/wp-json\/wp\/v2\/media\/4403"}],"wp:attachment":[{"href":"https:\/\/www.hellodrumscores.com\/fr\/wp-json\/wp\/v2\/media?parent=19"}],"wp:term":[{"taxonomy":"product_brand","embeddable":true,"href":"https:\/\/www.hellodrumscores.com\/fr\/wp-json\/wp\/v2\/product_brand?post=19"},{"taxonomy":"product_cat","embeddable":true,"href":"https:\/\/www.hellodrumscores.com\/fr\/wp-json\/wp\/v2\/product_cat?post=19"},{"taxonomy":"product_tag","embeddable":true,"href":"https:\/\/www.hellodrumscores.com\/fr\/wp-json\/wp\/v2\/product_tag?post=19"}],"curies":[{"name":"wp","href":"https:\/\/api.w.org\/{rel}","templated":true}]}}