{"id":1730,"date":"2019-10-04T19:00:30","date_gmt":"2019-10-04T17:00:30","guid":{"rendered":"https:\/\/www.hellodrumscores.com\/?post_type=product&#038;p=1730"},"modified":"2021-10-07T12:45:41","modified_gmt":"2021-10-07T10:45:41","slug":"comme-elle-vient","status":"publish","type":"product","link":"https:\/\/www.hellodrumscores.com\/fr\/catalogue\/punk-rock\/comme-elle-vient\/","title":{"rendered":"Comme Elle Vient &#8211; Noir D\u00e9sir"},"content":{"rendered":"<p><b>666.667 Club<\/b> est le cinqui\u00e8me album studio du groupe de rock fran\u00e7ais Noir D\u00e9sir, sorti en 1996. La musique s&rsquo;y fait plus calme que sur l&rsquo;album pr\u00e9c\u00e9dent et l&rsquo;accent est mis sur les textes avec certains morceaux intimistes et d&rsquo;autres abordant des th\u00e8mes politiques ou sociaux qui donnent \u00e0 Noir D\u00e9sir son \u00e9tiquette de groupe engag\u00e9. L&rsquo;album est le plus grand succ\u00e8s commercial du groupe jusqu&rsquo;alors, obtenant un double disque de platine en France.<\/p>\n","protected":false},"excerpt":{"rendered":"<p>666.667 Club<\/p>\n<h2>\ud83e\udd41\ud83e\udd41\ud83e\udd41<span style=\"filter: grayscale(100%);\">\ud83e\udd41\ud83e\udd41<\/span><\/h2>\n","protected":false},"featured_media":1731,"template":"","meta":[],"product_brand":[],"product_cat":[56,17],"product_tag":[68],"class_list":{"0":"post-1730","1":"product","2":"type-product","3":"status-publish","4":"has-post-thumbnail","6":"product_cat-punk-rock","7":"product_cat-rock","8":"product_tag-noir-desir","10":"first","11":"instock","12":"downloadable","13":"virtual","14":"sold-individually","15":"purchasable","16":"product-type-simple"},"jetpack_sharing_enabled":true,"_links":{"self":[{"href":"https:\/\/www.hellodrumscores.com\/fr\/wp-json\/wp\/v2\/product\/1730","targetHints":{"allow":["GET"]}}],"collection":[{"href":"https:\/\/www.hellodrumscores.com\/fr\/wp-json\/wp\/v2\/product"}],"about":[{"href":"https:\/\/www.hellodrumscores.com\/fr\/wp-json\/wp\/v2\/types\/product"}],"wp:featuredmedia":[{"embeddable":true,"href":"https:\/\/www.hellodrumscores.com\/fr\/wp-json\/wp\/v2\/media\/1731"}],"wp:attachment":[{"href":"https:\/\/www.hellodrumscores.com\/fr\/wp-json\/wp\/v2\/media?parent=1730"}],"wp:term":[{"taxonomy":"product_brand","embeddable":true,"href":"https:\/\/www.hellodrumscores.com\/fr\/wp-json\/wp\/v2\/product_brand?post=1730"},{"taxonomy":"product_cat","embeddable":true,"href":"https:\/\/www.hellodrumscores.com\/fr\/wp-json\/wp\/v2\/product_cat?post=1730"},{"taxonomy":"product_tag","embeddable":true,"href":"https:\/\/www.hellodrumscores.com\/fr\/wp-json\/wp\/v2\/product_tag?post=1730"}],"curies":[{"name":"wp","href":"https:\/\/api.w.org\/{rel}","templated":true}]}}