{"id":1656,"date":"2019-09-07T18:40:03","date_gmt":"2019-09-07T16:40:03","guid":{"rendered":"https:\/\/www.hellodrumscores.com\/?post_type=product&#038;p=1656"},"modified":"2019-10-23T19:11:27","modified_gmt":"2019-10-23T17:11:27","slug":"back-off-bitch","status":"publish","type":"product","link":"https:\/\/www.hellodrumscores.com\/fr\/catalogue\/hard-rock\/back-off-bitch\/","title":{"rendered":"Back Off Bitch"},"content":{"rendered":"<p><b><span class=\"lang-en\" lang=\"en\">Use Your Illusion I<\/span><\/b> est le troisi\u00e8me album et le premier de deux disques sortis simultan\u00e9ment le 17 septembre 1991 par le groupe de hard rock am\u00e9ricain Guns N&rsquo; Roses.<\/p>\n","protected":false},"excerpt":{"rendered":"<p>Use Your Illusion I<\/p>\n<h1>\ud83e\udd41\ud83e\udd41\ud83e\udd41\ud83e\udd41<span style=\"filter: grayscale(100%)\">\ud83e\udd41<\/span><\/h1>\n","protected":false},"featured_media":1657,"template":"","meta":[],"product_brand":[],"product_cat":[37,170],"product_tag":[153],"class_list":{"0":"post-1656","1":"product","2":"type-product","3":"status-publish","4":"has-post-thumbnail","6":"product_cat-hard-rock","7":"product_cat-heavy-metal","8":"product_tag-guns-n-roses","10":"first","11":"instock","12":"downloadable","13":"virtual","14":"sold-individually","15":"purchasable","16":"product-type-simple"},"jetpack_sharing_enabled":true,"_links":{"self":[{"href":"https:\/\/www.hellodrumscores.com\/fr\/wp-json\/wp\/v2\/product\/1656","targetHints":{"allow":["GET"]}}],"collection":[{"href":"https:\/\/www.hellodrumscores.com\/fr\/wp-json\/wp\/v2\/product"}],"about":[{"href":"https:\/\/www.hellodrumscores.com\/fr\/wp-json\/wp\/v2\/types\/product"}],"wp:featuredmedia":[{"embeddable":true,"href":"https:\/\/www.hellodrumscores.com\/fr\/wp-json\/wp\/v2\/media\/1657"}],"wp:attachment":[{"href":"https:\/\/www.hellodrumscores.com\/fr\/wp-json\/wp\/v2\/media?parent=1656"}],"wp:term":[{"taxonomy":"product_brand","embeddable":true,"href":"https:\/\/www.hellodrumscores.com\/fr\/wp-json\/wp\/v2\/product_brand?post=1656"},{"taxonomy":"product_cat","embeddable":true,"href":"https:\/\/www.hellodrumscores.com\/fr\/wp-json\/wp\/v2\/product_cat?post=1656"},{"taxonomy":"product_tag","embeddable":true,"href":"https:\/\/www.hellodrumscores.com\/fr\/wp-json\/wp\/v2\/product_tag?post=1656"}],"curies":[{"name":"wp","href":"https:\/\/api.w.org\/{rel}","templated":true}]}}