{"id":1648,"date":"2019-09-07T18:25:35","date_gmt":"2019-09-07T16:25:35","guid":{"rendered":"https:\/\/www.hellodrumscores.com\/?post_type=product&#038;p=1648"},"modified":"2019-10-23T19:11:38","modified_gmt":"2019-10-23T17:11:38","slug":"twisted-everyday-hurts","status":"publish","type":"product","link":"https:\/\/www.hellodrumscores.com\/fr\/catalogue\/hard-rock\/twisted-everyday-hurts\/","title":{"rendered":"Twisted (Everyday Hurts)"},"content":{"rendered":"<p><span class=\"tlid-translation translation\" lang=\"fr\"><span class=\"\" title=\"\"><strong>Twisted (Everyday Hurts)<\/strong> est une chanson de Skunk Anansie, sortie comme deuxi\u00e8me single de leur deuxi\u00e8me album, Stoosh.<\/span> <span class=\"\" title=\"\">Il a \u00e9t\u00e9 publi\u00e9 en novembre 1996 et a atteint la 26e place au Royaume-Uni Singles Chart.<\/span><\/span><\/p>\n","protected":false},"excerpt":{"rendered":"<p>Stoosh<\/p>\n<h2>\ud83e\udd41\ud83e\udd41\ud83e\udd41<span style=\"filter: grayscale(100%)\">\ud83e\udd41\ud83e\udd41<\/span><\/h2>\n","protected":false},"featured_media":2600,"template":"","meta":[],"product_brand":[],"product_cat":[37,56],"product_tag":[302],"class_list":{"0":"post-1648","1":"product","2":"type-product","3":"status-publish","4":"has-post-thumbnail","6":"product_cat-hard-rock","7":"product_cat-punk-rock","8":"product_tag-skunk-anansie","10":"first","11":"instock","12":"downloadable","13":"virtual","14":"sold-individually","15":"purchasable","16":"product-type-simple"},"jetpack_sharing_enabled":true,"_links":{"self":[{"href":"https:\/\/www.hellodrumscores.com\/fr\/wp-json\/wp\/v2\/product\/1648","targetHints":{"allow":["GET"]}}],"collection":[{"href":"https:\/\/www.hellodrumscores.com\/fr\/wp-json\/wp\/v2\/product"}],"about":[{"href":"https:\/\/www.hellodrumscores.com\/fr\/wp-json\/wp\/v2\/types\/product"}],"wp:featuredmedia":[{"embeddable":true,"href":"https:\/\/www.hellodrumscores.com\/fr\/wp-json\/wp\/v2\/media\/2600"}],"wp:attachment":[{"href":"https:\/\/www.hellodrumscores.com\/fr\/wp-json\/wp\/v2\/media?parent=1648"}],"wp:term":[{"taxonomy":"product_brand","embeddable":true,"href":"https:\/\/www.hellodrumscores.com\/fr\/wp-json\/wp\/v2\/product_brand?post=1648"},{"taxonomy":"product_cat","embeddable":true,"href":"https:\/\/www.hellodrumscores.com\/fr\/wp-json\/wp\/v2\/product_cat?post=1648"},{"taxonomy":"product_tag","embeddable":true,"href":"https:\/\/www.hellodrumscores.com\/fr\/wp-json\/wp\/v2\/product_tag?post=1648"}],"curies":[{"name":"wp","href":"https:\/\/api.w.org\/{rel}","templated":true}]}}