{"id":1369,"date":"2019-08-31T12:13:41","date_gmt":"2019-08-31T10:13:41","guid":{"rendered":"http:\/\/localhost\/wordpress\/?post_type=product&#038;p=1369"},"modified":"2019-10-23T19:12:20","modified_gmt":"2019-10-23T17:12:20","slug":"il-suffira-dun-signe","status":"publish","type":"product","link":"https:\/\/www.hellodrumscores.com\/fr\/catalogue\/pop-rock\/il-suffira-dun-signe\/","title":{"rendered":"Il Suffira D&rsquo;un Signe"},"content":{"rendered":"<p><b>Il suffira d&rsquo;un signe<\/b> est une chanson \u00e9crite, compos\u00e9e et interpr\u00e9t\u00e9e par Jean-Jacques Goldman. Sortie en <time class=\"nowrap date-lien\" datetime=\"1981-09\" data-sort-value=\"1981-09\">septembre 1981<\/time> en premier single extrait de son premier album studio Jean-Jacques Goldman, il s&rsquo;agit du titre qui lan\u00e7a la carri\u00e8re solo de Goldman.<\/p>\n","protected":false},"excerpt":{"rendered":"<p>Singulier 81-89<\/p>\n<h2>\ud83e\udd41\ud83e\udd41<span style=\"filter: grayscale(100%)\">\ud83e\udd41\ud83e\udd41\ud83e\udd41<\/span><\/h2>\n","protected":false},"featured_media":1370,"template":"","meta":[],"product_brand":[],"product_cat":[57],"product_tag":[260],"class_list":{"0":"post-1369","1":"product","2":"type-product","3":"status-publish","4":"has-post-thumbnail","6":"product_cat-pop-rock","7":"product_tag-jean-jacques-goldman","9":"first","10":"instock","11":"downloadable","12":"virtual","13":"sold-individually","14":"purchasable","15":"product-type-simple"},"jetpack_sharing_enabled":true,"_links":{"self":[{"href":"https:\/\/www.hellodrumscores.com\/fr\/wp-json\/wp\/v2\/product\/1369","targetHints":{"allow":["GET"]}}],"collection":[{"href":"https:\/\/www.hellodrumscores.com\/fr\/wp-json\/wp\/v2\/product"}],"about":[{"href":"https:\/\/www.hellodrumscores.com\/fr\/wp-json\/wp\/v2\/types\/product"}],"wp:featuredmedia":[{"embeddable":true,"href":"https:\/\/www.hellodrumscores.com\/fr\/wp-json\/wp\/v2\/media\/1370"}],"wp:attachment":[{"href":"https:\/\/www.hellodrumscores.com\/fr\/wp-json\/wp\/v2\/media?parent=1369"}],"wp:term":[{"taxonomy":"product_brand","embeddable":true,"href":"https:\/\/www.hellodrumscores.com\/fr\/wp-json\/wp\/v2\/product_brand?post=1369"},{"taxonomy":"product_cat","embeddable":true,"href":"https:\/\/www.hellodrumscores.com\/fr\/wp-json\/wp\/v2\/product_cat?post=1369"},{"taxonomy":"product_tag","embeddable":true,"href":"https:\/\/www.hellodrumscores.com\/fr\/wp-json\/wp\/v2\/product_tag?post=1369"}],"curies":[{"name":"wp","href":"https:\/\/api.w.org\/{rel}","templated":true}]}}