{"id":11782,"date":"2022-01-10T19:49:05","date_gmt":"2022-01-10T18:49:05","guid":{"rendered":"https:\/\/www.hellodrumscores.com\/?post_type=product&#038;p=11782"},"modified":"2022-03-14T20:23:00","modified_gmt":"2022-03-14T19:23:00","slug":"ca-cest-vraiment-toi-telephone-2","status":"publish","type":"product","link":"https:\/\/www.hellodrumscores.com\/fr\/catalogue\/rock\/ca-cest-vraiment-toi-telephone-2\/","title":{"rendered":"\u00c7A C&rsquo;EST VRAIMENT TOI &#8211; T\u00e9l\u00e9phone"},"content":{"rendered":"<p><b>La partition Batterie du titre \u00a0\u00bb \u00c7a c&rsquo;est vraiment toi<\/b><b> \u00ab\u00a0du Groupe T\u00e9l\u00e9phone, Version originale.<\/b><\/p>\n<p>&nbsp;<\/p>\n","protected":false},"excerpt":{"rendered":"<p>La partition Batterie du titre \u00a0\u00bb \u00c7a c&rsquo;est vraiment toi \u00ab\u00a0du Groupe T\u00e9l\u00e9phone, Version originale. &nbsp;<\/p>\n","protected":false},"featured_media":12138,"template":"","meta":[],"product_brand":[],"product_cat":[17],"product_tag":[60],"class_list":{"0":"post-11782","1":"product","2":"type-product","3":"status-publish","4":"has-post-thumbnail","6":"product_cat-rock","7":"product_tag-telephone","9":"first","10":"instock","11":"downloadable","12":"virtual","13":"sold-individually","14":"purchasable","15":"product-type-simple"},"jetpack_sharing_enabled":true,"_links":{"self":[{"href":"https:\/\/www.hellodrumscores.com\/fr\/wp-json\/wp\/v2\/product\/11782","targetHints":{"allow":["GET"]}}],"collection":[{"href":"https:\/\/www.hellodrumscores.com\/fr\/wp-json\/wp\/v2\/product"}],"about":[{"href":"https:\/\/www.hellodrumscores.com\/fr\/wp-json\/wp\/v2\/types\/product"}],"wp:featuredmedia":[{"embeddable":true,"href":"https:\/\/www.hellodrumscores.com\/fr\/wp-json\/wp\/v2\/media\/12138"}],"wp:attachment":[{"href":"https:\/\/www.hellodrumscores.com\/fr\/wp-json\/wp\/v2\/media?parent=11782"}],"wp:term":[{"taxonomy":"product_brand","embeddable":true,"href":"https:\/\/www.hellodrumscores.com\/fr\/wp-json\/wp\/v2\/product_brand?post=11782"},{"taxonomy":"product_cat","embeddable":true,"href":"https:\/\/www.hellodrumscores.com\/fr\/wp-json\/wp\/v2\/product_cat?post=11782"},{"taxonomy":"product_tag","embeddable":true,"href":"https:\/\/www.hellodrumscores.com\/fr\/wp-json\/wp\/v2\/product_tag?post=11782"}],"curies":[{"name":"wp","href":"https:\/\/api.w.org\/{rel}","templated":true}]}}