{"id":1108,"date":"2019-08-24T20:11:48","date_gmt":"2019-08-24T18:11:48","guid":{"rendered":"http:\/\/localhost\/wordpress\/?post_type=product&#038;p=1108"},"modified":"2019-10-23T19:21:30","modified_gmt":"2019-10-23T17:21:30","slug":"sur-la-route","status":"publish","type":"product","link":"https:\/\/www.hellodrumscores.com\/fr\/catalogue\/blues-rock\/sur-la-route\/","title":{"rendered":"Sur La Route"},"content":{"rendered":"<p><b>Sur la route<\/b> est le premier single solo de G\u00e9rald de Palmas, pr\u00e9sente sur son premier album, La Derni\u00e8re Ann\u00e9e, sorti le 27 septembre 1994.<\/p>\n","protected":false},"excerpt":{"rendered":"<p>La Derni\u00e8re Ann\u00e9e<\/p>\n<h2>\ud83e\udd41<span style=\"filter: grayscale(100%)\">\ud83e\udd41\ud83e\udd41\ud83e\udd41\ud83e\udd41<\/span><\/h2>\n","protected":false},"featured_media":2437,"template":"","meta":[],"product_brand":[],"product_cat":[142],"product_tag":[272],"class_list":{"0":"post-1108","1":"product","2":"type-product","3":"status-publish","4":"has-post-thumbnail","6":"product_cat-blues-rock","7":"product_tag-de-palmas","9":"first","10":"instock","11":"downloadable","12":"virtual","13":"sold-individually","14":"purchasable","15":"product-type-simple"},"jetpack_sharing_enabled":true,"_links":{"self":[{"href":"https:\/\/www.hellodrumscores.com\/fr\/wp-json\/wp\/v2\/product\/1108","targetHints":{"allow":["GET"]}}],"collection":[{"href":"https:\/\/www.hellodrumscores.com\/fr\/wp-json\/wp\/v2\/product"}],"about":[{"href":"https:\/\/www.hellodrumscores.com\/fr\/wp-json\/wp\/v2\/types\/product"}],"wp:featuredmedia":[{"embeddable":true,"href":"https:\/\/www.hellodrumscores.com\/fr\/wp-json\/wp\/v2\/media\/2437"}],"wp:attachment":[{"href":"https:\/\/www.hellodrumscores.com\/fr\/wp-json\/wp\/v2\/media?parent=1108"}],"wp:term":[{"taxonomy":"product_brand","embeddable":true,"href":"https:\/\/www.hellodrumscores.com\/fr\/wp-json\/wp\/v2\/product_brand?post=1108"},{"taxonomy":"product_cat","embeddable":true,"href":"https:\/\/www.hellodrumscores.com\/fr\/wp-json\/wp\/v2\/product_cat?post=1108"},{"taxonomy":"product_tag","embeddable":true,"href":"https:\/\/www.hellodrumscores.com\/fr\/wp-json\/wp\/v2\/product_tag?post=1108"}],"curies":[{"name":"wp","href":"https:\/\/api.w.org\/{rel}","templated":true}]}}