{"id":1017,"date":"2019-08-22T13:32:32","date_gmt":"2019-08-22T11:32:32","guid":{"rendered":"http:\/\/localhost\/wordpress\/?post_type=product&#038;p=1017"},"modified":"2019-10-23T19:27:25","modified_gmt":"2019-10-23T17:27:25","slug":"quand-la-musique-est-bonne","status":"publish","type":"product","link":"https:\/\/www.hellodrumscores.com\/fr\/catalogue\/pop-rock\/quand-la-musique-est-bonne\/","title":{"rendered":"Quand La Musique Est Bonne"},"content":{"rendered":"<p><b>Quand la musique est bonne<\/b> est une chanson fran\u00e7aise \u00e9crite et interpr\u00e9t\u00e9e par Jean-Jacques Goldman.<\/p>\n","protected":false},"excerpt":{"rendered":"<p>Singulier 81-89<\/p>\n<h2>\ud83e\udd41<span style=\"filter: grayscale(100%)\">\ud83e\udd41\ud83e\udd41\ud83e\udd41\ud83e\udd41<\/span><\/h2>\n","protected":false},"featured_media":2439,"template":"","meta":[],"product_brand":[],"product_cat":[57],"product_tag":[260],"class_list":{"0":"post-1017","1":"product","2":"type-product","3":"status-publish","4":"has-post-thumbnail","6":"product_cat-pop-rock","7":"product_tag-jean-jacques-goldman","9":"first","10":"instock","11":"downloadable","12":"virtual","13":"sold-individually","14":"purchasable","15":"product-type-simple"},"jetpack_sharing_enabled":true,"_links":{"self":[{"href":"https:\/\/www.hellodrumscores.com\/fr\/wp-json\/wp\/v2\/product\/1017","targetHints":{"allow":["GET"]}}],"collection":[{"href":"https:\/\/www.hellodrumscores.com\/fr\/wp-json\/wp\/v2\/product"}],"about":[{"href":"https:\/\/www.hellodrumscores.com\/fr\/wp-json\/wp\/v2\/types\/product"}],"wp:featuredmedia":[{"embeddable":true,"href":"https:\/\/www.hellodrumscores.com\/fr\/wp-json\/wp\/v2\/media\/2439"}],"wp:attachment":[{"href":"https:\/\/www.hellodrumscores.com\/fr\/wp-json\/wp\/v2\/media?parent=1017"}],"wp:term":[{"taxonomy":"product_brand","embeddable":true,"href":"https:\/\/www.hellodrumscores.com\/fr\/wp-json\/wp\/v2\/product_brand?post=1017"},{"taxonomy":"product_cat","embeddable":true,"href":"https:\/\/www.hellodrumscores.com\/fr\/wp-json\/wp\/v2\/product_cat?post=1017"},{"taxonomy":"product_tag","embeddable":true,"href":"https:\/\/www.hellodrumscores.com\/fr\/wp-json\/wp\/v2\/product_tag?post=1017"}],"curies":[{"name":"wp","href":"https:\/\/api.w.org\/{rel}","templated":true}]}}