{"id":486,"date":"2019-05-04T13:30:54","date_gmt":"2019-05-04T11:30:54","guid":{"rendered":"http:\/\/localhost\/wordpress\/?page_id=486"},"modified":"2023-09-22T17:35:00","modified_gmt":"2023-09-22T15:35:00","slug":"apprendre","status":"publish","type":"page","link":"https:\/\/www.hellodrumscores.com\/fr\/apprendre\/","title":{"rendered":"Apprendre"},"content":{"rendered":"\t\t<div data-elementor-type=\"wp-post\" data-elementor-id=\"486\" class=\"elementor elementor-486\">\n\t\t\t\t\t\t<section class=\"elementor-section elementor-top-section elementor-element elementor-element-2e7f1f0 elementor-section-boxed elementor-section-height-default elementor-section-height-default\" data-id=\"2e7f1f0\" data-element_type=\"section\" data-e-type=\"section\">\n\t\t\t\t\t\t<div class=\"elementor-container elementor-column-gap-default\">\n\t\t\t\t\t<div class=\"elementor-column elementor-col-100 elementor-top-column elementor-element elementor-element-f9dd0fc\" data-id=\"f9dd0fc\" data-element_type=\"column\" data-e-type=\"column\">\n\t\t\t<div class=\"elementor-widget-wrap elementor-element-populated\">\n\t\t\t\t\t\t<div class=\"elementor-element elementor-element-4a5eeaf elementor-widget elementor-widget-heading\" data-id=\"4a5eeaf\" data-element_type=\"widget\" data-e-type=\"widget\" data-widget_type=\"heading.default\">\n\t\t\t\t<div class=\"elementor-widget-container\">\n\t\t\t\t\t<h2 class=\"elementor-heading-title elementor-size-default\">La m\u00e9thode Batteur Junior pour d\u00e9butants<\/h2>\t\t\t\t<\/div>\n\t\t\t\t<\/div>\n\t\t\t\t\t<\/div>\n\t\t<\/div>\n\t\t\t\t\t<\/div>\n\t\t<\/section>\n\t\t\t\t<section class=\"elementor-section elementor-top-section elementor-element elementor-element-d4bb2e3 elementor-section-stretched elementor-section-boxed elementor-section-height-default elementor-section-height-default\" data-id=\"d4bb2e3\" data-element_type=\"section\" data-e-type=\"section\" data-settings=\"{&quot;stretch_section&quot;:&quot;section-stretched&quot;}\">\n\t\t\t\t\t\t<div class=\"elementor-container elementor-column-gap-default\">\n\t\t\t\t\t<div class=\"elementor-column elementor-col-100 elementor-top-column elementor-element elementor-element-c4def3b\" data-id=\"c4def3b\" data-element_type=\"column\" data-e-type=\"column\">\n\t\t\t<div class=\"elementor-widget-wrap elementor-element-populated\">\n\t\t\t\t\t\t<div class=\"elementor-element elementor-element-0a998e2 elementor-drop-cap-yes elementor-drop-cap-view-default elementor-widget elementor-widget-text-editor\" data-id=\"0a998e2\" data-element_type=\"widget\" data-e-type=\"widget\" data-settings=\"{&quot;drop_cap&quot;:&quot;yes&quot;}\" data-widget_type=\"text-editor.default\">\n\t\t\t\t<div class=\"elementor-widget-container\">\n\t\t\t\t\t\t\t\t\t<p style=\"text-align: left; padding-left: 40px;\">Cette m\u00e9thode est con\u00e7ue pour tous types de batteries. Les batteries num\u00e9riques telles les V-Drums Roland qui permettent de jouer avec les m\u00eames gestes que les mod\u00e8les traditionnels, sont fiables et reproduisent fid\u00e8lenent les sons. Faire le choix d&rsquo;un mod\u00e8le num\u00e9rique est d&rsquo;ordre :<\/p><p style=\"padding-left: 40px;\">Pratique : une batterie num\u00e9rique peut se jouer \u00e0 volume r\u00e9duit ou au casque. Ce n&rsquo;est pas encombrant.<\/p><p style=\"padding-left: 40px;\">P\u00e9dagogique : la qualit\u00e9 des sons est motivante. Il y a des fonctions p\u00e9dagogiques et un m\u00e9tronome \u00e0 bord. On peut la connecter \u00e0 des logiciels p\u00e9dagogiques ou professionels et s&rsquo;enregistrer pour s&rsquo;\u00e9valuer.<\/p><p style=\"padding-left: 40px;\">La m\u00e9thode Batteur Junior est disponible sur le site de\u00a0<a href=\"http:\/\/www.baguetterie.fr\/batteur-junior-methode-des-6-ans.html\" target=\"_blank\" rel=\"noopener\">la baguetterie<\/a> ou sur celui de <a href=\"http:\/\/www.mitomann.com\/crbst_21.html\">mitomann<\/a>.<\/p><p>\u00a0<\/p><p>\u00a0<\/p>\t\t\t\t\t\t\t\t<\/div>\n\t\t\t\t<\/div>\n\t\t\t\t<div class=\"elementor-element elementor-element-8b77570 elementor-widget elementor-widget-image-carousel\" data-id=\"8b77570\" data-element_type=\"widget\" data-e-type=\"widget\" data-settings=\"{&quot;slides_to_show&quot;:&quot;3&quot;,&quot;slides_to_scroll&quot;:&quot;1&quot;,&quot;navigation&quot;:&quot;none&quot;,&quot;autoplay&quot;:&quot;no&quot;,&quot;infinite&quot;:&quot;no&quot;,&quot;speed&quot;:500}\" data-widget_type=\"image-carousel.default\">\n\t\t\t\t<div class=\"elementor-widget-container\">\n\t\t\t\t\t\t\t<div class=\"elementor-image-carousel-wrapper swiper\" role=\"region\" aria-roledescription=\"carousel\" aria-label=\"Carrousel d\u2019images\" dir=\"ltr\">\n\t\t\t<div class=\"elementor-image-carousel swiper-wrapper\" aria-live=\"polite\">\n\t\t\t\t\t\t\t\t<div class=\"swiper-slide\" role=\"group\" aria-roledescription=\"slide\" aria-label=\"1 sur 3\"><a data-elementor-open-lightbox=\"yes\" data-elementor-lightbox-slideshow=\"8b77570\" data-e-action-hash=\"#elementor-action%3Aaction%3Dlightbox%26settings%3DeyJpZCI6NDg4LCJ1cmwiOmZhbHNlLCJzbGlkZXNob3ciOiI4Yjc3NTcwIn0%3D\"><figure class=\"swiper-slide-inner\"><img decoding=\"async\" class=\"swiper-slide-image\" src=\"https:\/\/www.hellodrumscores.com\/wp-content\/uploads\/2019\/05\/71mqycmd3QL.jpg\" alt=\"\" \/><\/figure><\/a><\/div><div class=\"swiper-slide\" role=\"group\" aria-roledescription=\"slide\" aria-label=\"2 sur 3\"><a data-elementor-open-lightbox=\"yes\" data-elementor-lightbox-slideshow=\"8b77570\" data-elementor-lightbox-title=\"Pub_BatteurJr\" data-e-action-hash=\"#elementor-action%3Aaction%3Dlightbox%26settings%3DeyJpZCI6MTU2MCwidXJsIjoiaHR0cHM6XC9cL3d3dy5oZWxsb2RydW1zY29yZXMuY29tXC93cC1jb250ZW50XC91cGxvYWRzXC8yMDE5XC8wOVwvUHViLUJhdHRldXJKci0xLTEtMS5qcGciLCJzbGlkZXNob3ciOiI4Yjc3NTcwIn0%3D\" href=\"https:\/\/www.hellodrumscores.com\/wp-content\/uploads\/2019\/09\/Pub-BatteurJr-1-1-1.jpg\"><figure class=\"swiper-slide-inner\"><img decoding=\"async\" class=\"swiper-slide-image\" src=\"https:\/\/www.hellodrumscores.com\/wp-content\/uploads\/2019\/09\/Pub-BatteurJr-1-1-1-555x805.jpg\" alt=\"Pub_BatteurJr\" \/><\/figure><\/a><\/div><div class=\"swiper-slide\" role=\"group\" aria-roledescription=\"slide\" aria-label=\"3 sur 3\"><a data-elementor-open-lightbox=\"yes\" data-elementor-lightbox-slideshow=\"8b77570\" data-elementor-lightbox-title=\"PubBatteurJr -2-2\" data-e-action-hash=\"#elementor-action%3Aaction%3Dlightbox%26settings%3DeyJpZCI6MTU2MSwidXJsIjoiaHR0cHM6XC9cL3d3dy5oZWxsb2RydW1zY29yZXMuY29tXC93cC1jb250ZW50XC91cGxvYWRzXC8yMDE5XC8wOVwvUHViQmF0dGV1ckpyLTItMi5qcGciLCJzbGlkZXNob3ciOiI4Yjc3NTcwIn0%3D\" href=\"https:\/\/www.hellodrumscores.com\/wp-content\/uploads\/2019\/09\/PubBatteurJr-2-2.jpg\"><figure class=\"swiper-slide-inner\"><img decoding=\"async\" class=\"swiper-slide-image\" src=\"https:\/\/www.hellodrumscores.com\/wp-content\/uploads\/2019\/09\/PubBatteurJr-2-2-555x792.jpg\" alt=\"PubBatteurJr -2-2\" \/><\/figure><\/a><\/div>\t\t\t<\/div>\n\t\t\t\t\t\t\t\n\t\t\t\t\t\t\t\t\t<\/div>\n\t\t\t\t\t\t<\/div>\n\t\t\t\t<\/div>\n\t\t\t\t\t<\/div>\n\t\t<\/div>\n\t\t\t\t\t<\/div>\n\t\t<\/section>\n\t\t\t\t<section class=\"elementor-section elementor-top-section elementor-element elementor-element-be7a2a1 elementor-section-boxed elementor-section-height-default elementor-section-height-default\" data-id=\"be7a2a1\" data-element_type=\"section\" data-e-type=\"section\">\n\t\t\t\t\t\t<div class=\"elementor-container elementor-column-gap-custom\">\n\t\t\t\t\t<div class=\"elementor-column elementor-col-100 elementor-top-column elementor-element elementor-element-f1417bc\" data-id=\"f1417bc\" data-element_type=\"column\" data-e-type=\"column\">\n\t\t\t<div class=\"elementor-widget-wrap elementor-element-populated\">\n\t\t\t\t\t\t<div class=\"elementor-element elementor-element-bb96c2b elementor-widget elementor-widget-heading\" data-id=\"bb96c2b\" data-element_type=\"widget\" data-e-type=\"widget\" data-widget_type=\"heading.default\">\n\t\t\t\t<div class=\"elementor-widget-container\">\n\t\t\t\t\t<h2 class=\"elementor-heading-title elementor-size-large\">La m\u00e9thode \" De l'Etude \u00e0 la Sc\u00e8ne \"<br>de Moyens 2 \u00e0 Confirm\u00e9s<\/h2>\t\t\t\t<\/div>\n\t\t\t\t<\/div>\n\t\t\t\t\t<\/div>\n\t\t<\/div>\n\t\t\t\t\t<\/div>\n\t\t<\/section>\n\t\t\t\t<section class=\"elementor-section elementor-top-section elementor-element elementor-element-23878a2 elementor-section-full_width elementor-section-stretched elementor-section-height-default elementor-section-height-default\" data-id=\"23878a2\" data-element_type=\"section\" data-e-type=\"section\" data-settings=\"{&quot;stretch_section&quot;:&quot;section-stretched&quot;}\">\n\t\t\t\t\t\t<div class=\"elementor-container elementor-column-gap-default\">\n\t\t\t\t\t<div class=\"elementor-column elementor-col-50 elementor-top-column elementor-element elementor-element-794e743\" data-id=\"794e743\" data-element_type=\"column\" data-e-type=\"column\">\n\t\t\t<div class=\"elementor-widget-wrap elementor-element-populated\">\n\t\t\t\t\t\t<div class=\"elementor-element elementor-element-a57b104 elementor-widget__width-initial e-transform e-transform elementor-widget elementor-widget-image\" data-id=\"a57b104\" data-element_type=\"widget\" data-e-type=\"widget\" data-settings=\"{&quot;_transform_scaleX_effect&quot;:{&quot;unit&quot;:&quot;px&quot;,&quot;size&quot;:1.2,&quot;sizes&quot;:[]},&quot;_transform_scaleY_effect&quot;:{&quot;unit&quot;:&quot;px&quot;,&quot;size&quot;:1.2,&quot;sizes&quot;:[]},&quot;_transform_translateX_effect&quot;:{&quot;unit&quot;:&quot;px&quot;,&quot;size&quot;:&quot;&quot;,&quot;sizes&quot;:[]},&quot;_transform_translateX_effect_tablet&quot;:{&quot;unit&quot;:&quot;px&quot;,&quot;size&quot;:&quot;&quot;,&quot;sizes&quot;:[]},&quot;_transform_translateX_effect_mobile&quot;:{&quot;unit&quot;:&quot;px&quot;,&quot;size&quot;:&quot;&quot;,&quot;sizes&quot;:[]},&quot;_transform_translateY_effect&quot;:{&quot;unit&quot;:&quot;px&quot;,&quot;size&quot;:&quot;&quot;,&quot;sizes&quot;:[]},&quot;_transform_translateY_effect_tablet&quot;:{&quot;unit&quot;:&quot;px&quot;,&quot;size&quot;:&quot;&quot;,&quot;sizes&quot;:[]},&quot;_transform_translateY_effect_mobile&quot;:{&quot;unit&quot;:&quot;px&quot;,&quot;size&quot;:&quot;&quot;,&quot;sizes&quot;:[]},&quot;_transform_scaleX_effect_tablet&quot;:{&quot;unit&quot;:&quot;px&quot;,&quot;size&quot;:&quot;&quot;,&quot;sizes&quot;:[]},&quot;_transform_scaleX_effect_mobile&quot;:{&quot;unit&quot;:&quot;px&quot;,&quot;size&quot;:&quot;&quot;,&quot;sizes&quot;:[]},&quot;_transform_scaleY_effect_tablet&quot;:{&quot;unit&quot;:&quot;px&quot;,&quot;size&quot;:&quot;&quot;,&quot;sizes&quot;:[]},&quot;_transform_scaleY_effect_mobile&quot;:{&quot;unit&quot;:&quot;px&quot;,&quot;size&quot;:&quot;&quot;,&quot;sizes&quot;:[]}}\" data-widget_type=\"image.default\">\n\t\t\t\t<div class=\"elementor-widget-container\">\n\t\t\t\t\t\t\t\t\t\t\t\t\t\t\t\t<a href=\"https:\/\/www.hellodrumscores.com\/wp-content\/uploads\/2023\/04\/PUB-METH.-2-copy-6.jpg\" data-elementor-open-lightbox=\"yes\" data-elementor-lightbox-title=\"PUB-METH.-2-copy-6\" data-e-action-hash=\"#elementor-action%3Aaction%3Dlightbox%26settings%3DeyJpZCI6MTM2MjgsInVybCI6Imh0dHBzOlwvXC93d3cuaGVsbG9kcnVtc2NvcmVzLmNvbVwvd3AtY29udGVudFwvdXBsb2Fkc1wvMjAyM1wvMDRcL1BVQi1NRVRILi0yLWNvcHktNi5qcGcifQ%3D%3D\">\n\t\t\t\t\t\t\t<img fetchpriority=\"high\" decoding=\"async\" width=\"425\" height=\"539\" src=\"https:\/\/www.hellodrumscores.com\/wp-content\/uploads\/2023\/04\/PUB-METH.-2-copy-6.jpg\" class=\"attachment-large size-large wp-image-13628\" alt=\"\" srcset=\"https:\/\/www.hellodrumscores.com\/wp-content\/uploads\/2023\/04\/PUB-METH.-2-copy-6.jpg 425w, https:\/\/www.hellodrumscores.com\/wp-content\/uploads\/2023\/04\/PUB-METH.-2-copy-6-237x300.jpg 237w, https:\/\/www.hellodrumscores.com\/wp-content\/uploads\/2023\/04\/PUB-METH.-2-copy-6-9x12.jpg 9w, https:\/\/www.hellodrumscores.com\/wp-content\/uploads\/2023\/04\/PUB-METH.-2-copy-6-262x332.jpg 262w\" sizes=\"(max-width: 425px) 100vw, 425px\" \/>\t\t\t\t\t\t\t\t<\/a>\n\t\t\t\t\t\t\t\t\t\t\t\t\t\t\t<\/div>\n\t\t\t\t<\/div>\n\t\t\t\t\t<\/div>\n\t\t<\/div>\n\t\t\t\t<div class=\"elementor-column elementor-col-50 elementor-top-column elementor-element elementor-element-a6abc5b\" data-id=\"a6abc5b\" data-element_type=\"column\" data-e-type=\"column\">\n\t\t\t<div class=\"elementor-widget-wrap elementor-element-populated\">\n\t\t\t\t\t\t<div class=\"elementor-element elementor-element-aa75b8b elementor-widget__width-initial elementor-widget elementor-widget-image\" data-id=\"aa75b8b\" data-element_type=\"widget\" data-e-type=\"widget\" data-widget_type=\"image.default\">\n\t\t\t\t<div class=\"elementor-widget-container\">\n\t\t\t\t\t\t\t\t\t\t\t\t\t\t\t\t<a href=\"https:\/\/www.hellodrumscores.com\/wp-content\/uploads\/2023\/04\/4eme-de-Couv-5.jpg\" data-elementor-open-lightbox=\"yes\" data-elementor-lightbox-title=\"4eme-de-Couv-5\" data-e-action-hash=\"#elementor-action%3Aaction%3Dlightbox%26settings%3DeyJpZCI6MTM2MzIsInVybCI6Imh0dHBzOlwvXC93d3cuaGVsbG9kcnVtc2NvcmVzLmNvbVwvd3AtY29udGVudFwvdXBsb2Fkc1wvMjAyM1wvMDRcLzRlbWUtZGUtQ291di01LmpwZyJ9\">\n\t\t\t\t\t\t\t<img decoding=\"async\" width=\"648\" height=\"848\" src=\"https:\/\/www.hellodrumscores.com\/wp-content\/uploads\/2023\/04\/4eme-de-Couv-5.jpg\" class=\"attachment-large size-large wp-image-13632\" alt=\"\" srcset=\"https:\/\/www.hellodrumscores.com\/wp-content\/uploads\/2023\/04\/4eme-de-Couv-5.jpg 648w, https:\/\/www.hellodrumscores.com\/wp-content\/uploads\/2023\/04\/4eme-de-Couv-5-229x300.jpg 229w, https:\/\/www.hellodrumscores.com\/wp-content\/uploads\/2023\/04\/4eme-de-Couv-5-9x12.jpg 9w, https:\/\/www.hellodrumscores.com\/wp-content\/uploads\/2023\/04\/4eme-de-Couv-5-262x343.jpg 262w, https:\/\/www.hellodrumscores.com\/wp-content\/uploads\/2023\/04\/4eme-de-Couv-5-555x726.jpg 555w\" sizes=\"(max-width: 648px) 100vw, 648px\" \/>\t\t\t\t\t\t\t\t<\/a>\n\t\t\t\t\t\t\t\t\t\t\t\t\t\t\t<\/div>\n\t\t\t\t<\/div>\n\t\t\t\t\t<\/div>\n\t\t<\/div>\n\t\t\t\t\t<\/div>\n\t\t<\/section>\n\t\t\t\t<section class=\"elementor-section elementor-top-section elementor-element elementor-element-5b96b44 elementor-section-stretched elementor-section-boxed elementor-section-height-default elementor-section-height-default\" data-id=\"5b96b44\" data-element_type=\"section\" data-e-type=\"section\" data-settings=\"{&quot;stretch_section&quot;:&quot;section-stretched&quot;}\">\n\t\t\t\t\t\t<div class=\"elementor-container elementor-column-gap-default\">\n\t\t\t\t\t<div class=\"elementor-column elementor-col-33 elementor-top-column elementor-element elementor-element-80f90b1\" data-id=\"80f90b1\" data-element_type=\"column\" data-e-type=\"column\">\n\t\t\t<div class=\"elementor-widget-wrap elementor-element-populated\">\n\t\t\t\t\t\t<div class=\"elementor-element elementor-element-3967775 elementor-widget elementor-widget-image\" data-id=\"3967775\" data-element_type=\"widget\" data-e-type=\"widget\" data-widget_type=\"image.default\">\n\t\t\t\t<div class=\"elementor-widget-container\">\n\t\t\t\t\t\t\t\t\t\t\t\t\t\t\t<img decoding=\"async\" width=\"744\" height=\"1024\" src=\"https:\/\/www.hellodrumscores.com\/wp-content\/uploads\/2023\/04\/Part46PDF-4-744x1024.jpg\" class=\"attachment-large size-large wp-image-13651\" alt=\"\" srcset=\"https:\/\/www.hellodrumscores.com\/wp-content\/uploads\/2023\/04\/Part46PDF-4-744x1024.jpg 744w, https:\/\/www.hellodrumscores.com\/wp-content\/uploads\/2023\/04\/Part46PDF-4-218x300.jpg 218w, https:\/\/www.hellodrumscores.com\/wp-content\/uploads\/2023\/04\/Part46PDF-4-768x1057.jpg 768w, https:\/\/www.hellodrumscores.com\/wp-content\/uploads\/2023\/04\/Part46PDF-4-1116x1536.jpg 1116w, https:\/\/www.hellodrumscores.com\/wp-content\/uploads\/2023\/04\/Part46PDF-4-1488x2048.jpg 1488w, https:\/\/www.hellodrumscores.com\/wp-content\/uploads\/2023\/04\/Part46PDF-4-9x12.jpg 9w, https:\/\/www.hellodrumscores.com\/wp-content\/uploads\/2023\/04\/Part46PDF-4-262x361.jpg 262w, https:\/\/www.hellodrumscores.com\/wp-content\/uploads\/2023\/04\/Part46PDF-4-555x764.jpg 555w, https:\/\/www.hellodrumscores.com\/wp-content\/uploads\/2023\/04\/Part46PDF-4-scaled.jpg 1860w\" sizes=\"(max-width: 744px) 100vw, 744px\" \/>\t\t\t\t\t\t\t\t\t\t\t\t\t\t\t<\/div>\n\t\t\t\t<\/div>\n\t\t\t\t\t<\/div>\n\t\t<\/div>\n\t\t\t\t<div class=\"elementor-column elementor-col-33 elementor-top-column elementor-element elementor-element-19a36ba\" data-id=\"19a36ba\" data-element_type=\"column\" data-e-type=\"column\">\n\t\t\t<div class=\"elementor-widget-wrap elementor-element-populated\">\n\t\t\t\t\t\t<div class=\"elementor-element elementor-element-11b9127 elementor-widget elementor-widget-image\" data-id=\"11b9127\" data-element_type=\"widget\" data-e-type=\"widget\" data-widget_type=\"image.default\">\n\t\t\t\t<div class=\"elementor-widget-container\">\n\t\t\t\t\t\t\t\t\t\t\t\t\t\t\t<img loading=\"lazy\" decoding=\"async\" width=\"783\" height=\"1024\" src=\"https:\/\/www.hellodrumscores.com\/wp-content\/uploads\/2023\/04\/D-humeur-4-4-et-7-8-2-783x1024.jpg\" class=\"attachment-large size-large wp-image-13652\" alt=\"\" srcset=\"https:\/\/www.hellodrumscores.com\/wp-content\/uploads\/2023\/04\/D-humeur-4-4-et-7-8-2-783x1024.jpg 783w, https:\/\/www.hellodrumscores.com\/wp-content\/uploads\/2023\/04\/D-humeur-4-4-et-7-8-2-229x300.jpg 229w, https:\/\/www.hellodrumscores.com\/wp-content\/uploads\/2023\/04\/D-humeur-4-4-et-7-8-2-768x1004.jpg 768w, https:\/\/www.hellodrumscores.com\/wp-content\/uploads\/2023\/04\/D-humeur-4-4-et-7-8-2-1174x1536.jpg 1174w, https:\/\/www.hellodrumscores.com\/wp-content\/uploads\/2023\/04\/D-humeur-4-4-et-7-8-2-1566x2048.jpg 1566w, https:\/\/www.hellodrumscores.com\/wp-content\/uploads\/2023\/04\/D-humeur-4-4-et-7-8-2-9x12.jpg 9w, https:\/\/www.hellodrumscores.com\/wp-content\/uploads\/2023\/04\/D-humeur-4-4-et-7-8-2-262x343.jpg 262w, https:\/\/www.hellodrumscores.com\/wp-content\/uploads\/2023\/04\/D-humeur-4-4-et-7-8-2-555x726.jpg 555w, https:\/\/www.hellodrumscores.com\/wp-content\/uploads\/2023\/04\/D-humeur-4-4-et-7-8-2-scaled.jpg 1957w\" sizes=\"(max-width: 783px) 100vw, 783px\" \/>\t\t\t\t\t\t\t\t\t\t\t\t\t\t\t<\/div>\n\t\t\t\t<\/div>\n\t\t\t\t\t<\/div>\n\t\t<\/div>\n\t\t\t\t<div class=\"elementor-column elementor-col-33 elementor-top-column elementor-element elementor-element-6f9b930\" data-id=\"6f9b930\" data-element_type=\"column\" data-e-type=\"column\">\n\t\t\t<div class=\"elementor-widget-wrap elementor-element-populated\">\n\t\t\t\t\t\t<div class=\"elementor-element elementor-element-31aca06 elementor-widget elementor-widget-image\" data-id=\"31aca06\" data-element_type=\"widget\" data-e-type=\"widget\" data-widget_type=\"image.default\">\n\t\t\t\t<div class=\"elementor-widget-container\">\n\t\t\t\t\t\t\t\t\t\t\t\t\t\t\t<img loading=\"lazy\" decoding=\"async\" width=\"762\" height=\"1024\" src=\"https:\/\/www.hellodrumscores.com\/wp-content\/uploads\/2023\/04\/Part-2-762x1024.jpg\" class=\"attachment-large size-large wp-image-13653\" alt=\"\" srcset=\"https:\/\/www.hellodrumscores.com\/wp-content\/uploads\/2023\/04\/Part-2-762x1024.jpg 762w, https:\/\/www.hellodrumscores.com\/wp-content\/uploads\/2023\/04\/Part-2-223x300.jpg 223w, https:\/\/www.hellodrumscores.com\/wp-content\/uploads\/2023\/04\/Part-2-768x1032.jpg 768w, https:\/\/www.hellodrumscores.com\/wp-content\/uploads\/2023\/04\/Part-2-1144x1536.jpg 1144w, https:\/\/www.hellodrumscores.com\/wp-content\/uploads\/2023\/04\/Part-2-1525x2048.jpg 1525w, https:\/\/www.hellodrumscores.com\/wp-content\/uploads\/2023\/04\/Part-2-9x12.jpg 9w, https:\/\/www.hellodrumscores.com\/wp-content\/uploads\/2023\/04\/Part-2-262x352.jpg 262w, https:\/\/www.hellodrumscores.com\/wp-content\/uploads\/2023\/04\/Part-2-555x745.jpg 555w, https:\/\/www.hellodrumscores.com\/wp-content\/uploads\/2023\/04\/Part-2-scaled.jpg 1906w\" sizes=\"(max-width: 762px) 100vw, 762px\" \/>\t\t\t\t\t\t\t\t\t\t\t\t\t\t\t<\/div>\n\t\t\t\t<\/div>\n\t\t\t\t\t<\/div>\n\t\t<\/div>\n\t\t\t\t\t<\/div>\n\t\t<\/section>\n\t\t\t\t<section class=\"elementor-section elementor-top-section elementor-element elementor-element-259f5e4 elementor-section-boxed elementor-section-height-default elementor-section-height-default\" data-id=\"259f5e4\" data-element_type=\"section\" data-e-type=\"section\">\n\t\t\t\t\t\t<div class=\"elementor-container elementor-column-gap-default\">\n\t\t\t\t\t<div class=\"elementor-column elementor-col-100 elementor-top-column elementor-element elementor-element-903922b\" data-id=\"903922b\" data-element_type=\"column\" data-e-type=\"column\">\n\t\t\t<div class=\"elementor-widget-wrap elementor-element-populated\">\n\t\t\t\t\t\t<div class=\"elementor-element elementor-element-196e775 elementor-widget elementor-widget-heading\" data-id=\"196e775\" data-element_type=\"widget\" data-e-type=\"widget\" data-widget_type=\"heading.default\">\n\t\t\t\t<div class=\"elementor-widget-container\">\n\t\t\t\t\t<h2 class=\"elementor-heading-title elementor-size-default\">Commandez sur :<br>www.faitesdelamusique.fr<br>www.baguetterie.fr<br>www.cultura.com<\/h2>\t\t\t\t<\/div>\n\t\t\t\t<\/div>\n\t\t\t\t\t<\/div>\n\t\t<\/div>\n\t\t\t\t\t<\/div>\n\t\t<\/section>\n\t\t\t\t<\/div>\n\t\t","protected":false},"excerpt":{"rendered":"<p>La m\u00e9thode Batteur Junior pour d\u00e9butants Cette m\u00e9thode est con\u00e7ue pour tous types de batteries. Les batteries num\u00e9riques telles les V-Drums Roland qui permettent de jouer avec les m\u00eames gestes que les mod\u00e8les traditionnels, sont fiables et reproduisent fid\u00e8lenent les sons. Faire le choix d&rsquo;un mod\u00e8le num\u00e9rique est d&rsquo;ordre : Pratique : une batterie num\u00e9rique [&hellip;]<\/p>\n","protected":false},"author":104,"featured_media":0,"parent":0,"menu_order":0,"comment_status":"closed","ping_status":"closed","template":"","meta":{"footnotes":""},"class_list":["post-486","page","type-page","status-publish","hentry"],"jetpack_sharing_enabled":true,"_links":{"self":[{"href":"https:\/\/www.hellodrumscores.com\/fr\/wp-json\/wp\/v2\/pages\/486","targetHints":{"allow":["GET"]}}],"collection":[{"href":"https:\/\/www.hellodrumscores.com\/fr\/wp-json\/wp\/v2\/pages"}],"about":[{"href":"https:\/\/www.hellodrumscores.com\/fr\/wp-json\/wp\/v2\/types\/page"}],"author":[{"embeddable":true,"href":"https:\/\/www.hellodrumscores.com\/fr\/wp-json\/wp\/v2\/users\/104"}],"replies":[{"embeddable":true,"href":"https:\/\/www.hellodrumscores.com\/fr\/wp-json\/wp\/v2\/comments?post=486"}],"version-history":[{"count":129,"href":"https:\/\/www.hellodrumscores.com\/fr\/wp-json\/wp\/v2\/pages\/486\/revisions"}],"predecessor-version":[{"id":13673,"href":"https:\/\/www.hellodrumscores.com\/fr\/wp-json\/wp\/v2\/pages\/486\/revisions\/13673"}],"wp:attachment":[{"href":"https:\/\/www.hellodrumscores.com\/fr\/wp-json\/wp\/v2\/media?parent=486"}],"curies":[{"name":"wp","href":"https:\/\/api.w.org\/{rel}","templated":true}]}}