{"id":939,"date":"2019-08-21T13:30:43","date_gmt":"2019-08-21T11:30:43","guid":{"rendered":"http:\/\/localhost\/wordpress\/?post_type=product&#038;p=939"},"modified":"2019-10-23T19:31:38","modified_gmt":"2019-10-23T17:31:38","slug":"lhomme-presse","status":"publish","type":"product","link":"https:\/\/www.hellodrumscores.com\/en\/catalogue\/rock\/lhomme-presse\/","title":{"rendered":"L&rsquo;Homme Press\u00e9"},"content":{"rendered":"<p><b>L&rsquo;Homme press\u00e9<\/b> est une chanson de Noir D\u00e9sir parue sur l&rsquo;album 666.667 Club, r\u00e9compens\u00e9e par une Victoire de la musique dans la cat\u00e9gorie \u00ab Chanson de l&rsquo;ann\u00e9e \u00bb en 1998.<\/p>","protected":false},"excerpt":{"rendered":"<p>Soyons D\u00e9sinvoltes, N&rsquo;Ayons L&rsquo;Air De Rien<\/p>\n<h2>\ud83e\udd41\ud83e\udd41<span style=\"filter: grayscale(100%)\">\ud83e\udd41\ud83e\udd41\ud83e\udd41<\/span><\/h2>","protected":false},"featured_media":2500,"template":"","meta":[],"product_brand":[],"product_cat":[17],"product_tag":[68],"class_list":{"0":"post-939","1":"product","2":"type-product","3":"status-publish","4":"has-post-thumbnail","6":"product_cat-rock","7":"product_tag-noir-desir","9":"first","10":"instock","11":"downloadable","12":"virtual","13":"sold-individually","14":"purchasable","15":"product-type-simple"},"jetpack_sharing_enabled":true,"_links":{"self":[{"href":"https:\/\/www.hellodrumscores.com\/en\/wp-json\/wp\/v2\/product\/939","targetHints":{"allow":["GET"]}}],"collection":[{"href":"https:\/\/www.hellodrumscores.com\/en\/wp-json\/wp\/v2\/product"}],"about":[{"href":"https:\/\/www.hellodrumscores.com\/en\/wp-json\/wp\/v2\/types\/product"}],"wp:featuredmedia":[{"embeddable":true,"href":"https:\/\/www.hellodrumscores.com\/en\/wp-json\/wp\/v2\/media\/2500"}],"wp:attachment":[{"href":"https:\/\/www.hellodrumscores.com\/en\/wp-json\/wp\/v2\/media?parent=939"}],"wp:term":[{"taxonomy":"product_brand","embeddable":true,"href":"https:\/\/www.hellodrumscores.com\/en\/wp-json\/wp\/v2\/product_brand?post=939"},{"taxonomy":"product_cat","embeddable":true,"href":"https:\/\/www.hellodrumscores.com\/en\/wp-json\/wp\/v2\/product_cat?post=939"},{"taxonomy":"product_tag","embeddable":true,"href":"https:\/\/www.hellodrumscores.com\/en\/wp-json\/wp\/v2\/product_tag?post=939"}],"curies":[{"name":"wp","href":"https:\/\/api.w.org\/{rel}","templated":true}]}}