{"id":739,"date":"2019-08-16T20:27:44","date_gmt":"2019-08-16T18:27:44","guid":{"rendered":"http:\/\/localhost\/wordpress\/?post_type=product&#038;p=739"},"modified":"2019-10-23T20:03:34","modified_gmt":"2019-10-23T18:03:34","slug":"la-blanche-hermine","status":"publish","type":"product","link":"https:\/\/www.hellodrumscores.com\/en\/catalogue\/punk-celtique\/la-blanche-hermine\/","title":{"rendered":"La Blanche Hermine"},"content":{"rendered":"<p><b>Les Ramoneurs de menhirs<\/b> is a Breton celtic punk group formed in 2006. Its members include \u00c9ric Gorce on the bombardon, Richard B\u00e9villon on the bagpipes, the traditional vannetais singer Gwena\u00ebl Kere and Loran, guitarist from the group B\u00e9rurier Noir. They play concerts at fest noz as well as normal rock concerts. Most of their songs are sung in Breton.<\/p>","protected":false},"excerpt":{"rendered":"<p>Amzer an dispac&rsquo;h !<\/p>\n<h2>\ud83e\udd41\ud83e\udd41\ud83e\udd41<span style=\"filter: grayscale(100%)\">\ud83e\udd41\ud83e\udd41<\/span><\/h2>","protected":false},"featured_media":0,"template":"","meta":[],"product_brand":[],"product_cat":[202],"product_tag":[204],"class_list":{"0":"post-739","1":"product","2":"type-product","3":"status-publish","5":"product_cat-punk-celtique","6":"product_tag-les-ramoneurs-de-menhirs","8":"first","9":"instock","10":"downloadable","11":"virtual","12":"sold-individually","13":"purchasable","14":"product-type-simple"},"jetpack_sharing_enabled":true,"_links":{"self":[{"href":"https:\/\/www.hellodrumscores.com\/en\/wp-json\/wp\/v2\/product\/739","targetHints":{"allow":["GET"]}}],"collection":[{"href":"https:\/\/www.hellodrumscores.com\/en\/wp-json\/wp\/v2\/product"}],"about":[{"href":"https:\/\/www.hellodrumscores.com\/en\/wp-json\/wp\/v2\/types\/product"}],"wp:attachment":[{"href":"https:\/\/www.hellodrumscores.com\/en\/wp-json\/wp\/v2\/media?parent=739"}],"wp:term":[{"taxonomy":"product_brand","embeddable":true,"href":"https:\/\/www.hellodrumscores.com\/en\/wp-json\/wp\/v2\/product_brand?post=739"},{"taxonomy":"product_cat","embeddable":true,"href":"https:\/\/www.hellodrumscores.com\/en\/wp-json\/wp\/v2\/product_cat?post=739"},{"taxonomy":"product_tag","embeddable":true,"href":"https:\/\/www.hellodrumscores.com\/en\/wp-json\/wp\/v2\/product_tag?post=739"}],"curies":[{"name":"wp","href":"https:\/\/api.w.org\/{rel}","templated":true}]}}