{"id":34,"date":"2019-03-08T07:54:24","date_gmt":"2019-03-08T06:54:24","guid":{"rendered":"http:\/\/localhost\/wordpress\/?page_id=34"},"modified":"2023-09-22T19:01:48","modified_gmt":"2023-09-22T17:01:48","slug":"contact","status":"publish","type":"page","link":"https:\/\/www.hellodrumscores.com\/en\/contact\/","title":{"rendered":"Contact"},"content":{"rendered":"\n<h3 class=\"wp-block-heading\">Prenez contact avec nous<\/h3>\n\n\n<div class=\"frm_forms  with_frm_style frm_style_style-formidable\" id=\"frm_form_1_container\" >\n<form enctype=\"multipart\/form-data\" method=\"post\" class=\"frm-show-form  frm_js_validate \" id=\"form_contact-form\" >\n<div class=\"frm_form_fields \">\n<fieldset>\n<legend class=\"frm_screen_reader\">Contactez-nous<\/legend>\r\n\r\n<div class=\"frm_fields_container\">\n<input type=\"hidden\" name=\"frm_action\" value=\"create\" \/>\n<input type=\"hidden\" name=\"form_id\" value=\"1\" \/>\n<input type=\"hidden\" name=\"frm_hide_fields_1\" id=\"frm_hide_fields_1\" value=\"\" \/>\n<input type=\"hidden\" name=\"form_key\" value=\"contact-form\" \/>\n<input type=\"hidden\" name=\"item_meta[0]\" value=\"\" \/>\n<input type=\"hidden\" id=\"frm_submit_entry_1\" name=\"frm_submit_entry_1\" value=\"35ce7c6c04\" \/><input type=\"hidden\" name=\"_wp_http_referer\" value=\"\/en\/wp-json\/wp\/v2\/pages\/34\" \/><div id=\"frm_field_3_container\" class=\"frm_form_field form-field  frm_required_field frm_top_container frm_full\">\r\n    <label for=\"field_29yf4d\" id=\"field_29yf4d_label\" class=\"frm_primary_label\">Adresse mail\r\n        <span class=\"frm_required\">*<\/span>\r\n    <\/label>\r\n    <input type=\"email\" id=\"field_29yf4d\" name=\"item_meta[3]\" value=\"\"  data-reqmsg=\"Ce champ ne peut pas \u00eatre vide\" aria-required=\"true\" data-invmsg=\"Entrez une adresse valide\" aria-invalid=\"false\"  \/>\r\n    \r\n    \r\n<\/div>\n<div id=\"frm_field_5_container\" class=\"frm_form_field form-field  frm_required_field frm_top_container frm_full\">\r\n    <label for=\"field_9jv0r1\" id=\"field_9jv0r1_label\" class=\"frm_primary_label\">Message\r\n        <span class=\"frm_required\">*<\/span>\r\n    <\/label>\r\n    <textarea name=\"item_meta[5]\" id=\"field_9jv0r1\" rows=\"5\"  data-reqmsg=\"Ce champ ne peut pas \u00eatre vide\" aria-required=\"true\" data-invmsg=\"Message is invalid\" aria-invalid=\"false\"  ><\/textarea>\r\n    \r\n    \r\n<\/div>\n<div id=\"frm_field_6_container\" class=\"frm_form_field form-field  frm_required_field frm_inline_container vertical_radio\">\r\n    <div  id=\"field_smk6s_label\" class=\"frm_primary_label\">\r\n        <span class=\"frm_required\">*<\/span>\r\n    <\/div>\r\n    <div class=\"frm_opt_container\" aria-labelledby=\"field_smk6s_label\" role=\"group\">\t\t<div class=\"frm_checkbox\" id=\"frm_checkbox_6-0\">\t\t\t<label  for=\"field_smk6s-0\">\n\t\t\t<input type=\"checkbox\" name=\"item_meta[6][]\" id=\"field_smk6s-0\" value=\"J&#039;autorise Hellodrumscores \u00e0 enregistrer mes donn\u00e9es dans le respect de ma confidentialit\u00e9.\"  data-reqmsg=\"Ce champ ne peut pas \u00eatre vide\" data-invmsg=\"This field is invalid\"   aria-required=\"true\"  \/> J'autorise Hellodrumscores \u00e0 enregistrer mes donn\u00e9es dans le respect de ma confidentialit\u00e9.<\/label><\/div>\n<\/div>\r\n    \r\n    \r\n<\/div>\n<div id=\"frm_field_7_container\" class=\"frm_form_field form-field \">\n\t<div class=\"frm_submit\">\r\n\r\n<button class=\"frm_button_submit\" type=\"submit\"  >Envoyer<\/button>\r\n\r\n<\/div>\n<\/div>\n\t<input type=\"hidden\" name=\"item_key\" value=\"\" \/>\n\t\t\t<div id=\"frm_field_8_container\">\n\t\t\t<label for=\"field_jx8wj\" >\n\t\t\t\tIf you are human, leave this field blank.\t\t\t<\/label>\n\t\t\t<input  id=\"field_jx8wj\" type=\"text\" class=\"frm_form_field form-field frm_verify\" name=\"item_meta[8]\" value=\"\"  \/>\n\t\t<\/div>\n\t\t<input name=\"frm_state\" type=\"hidden\" value=\"yrnqstQduIQ6EjpEpiNq32cxb31HMOaTgDIGxTxMRVY=\" \/><\/div>\n<\/fieldset>\n<\/div>\n\n<\/form>\n<\/div>\n\n\n\n\n<p><\/p>\n","protected":false},"excerpt":{"rendered":"<p>Get in touch with us<\/p>","protected":false},"author":104,"featured_media":0,"parent":0,"menu_order":0,"comment_status":"closed","ping_status":"closed","template":"template-contact.php","meta":{"footnotes":""},"class_list":["post-34","page","type-page","status-publish","hentry"],"jetpack_sharing_enabled":true,"_links":{"self":[{"href":"https:\/\/www.hellodrumscores.com\/en\/wp-json\/wp\/v2\/pages\/34","targetHints":{"allow":["GET"]}}],"collection":[{"href":"https:\/\/www.hellodrumscores.com\/en\/wp-json\/wp\/v2\/pages"}],"about":[{"href":"https:\/\/www.hellodrumscores.com\/en\/wp-json\/wp\/v2\/types\/page"}],"author":[{"embeddable":true,"href":"https:\/\/www.hellodrumscores.com\/en\/wp-json\/wp\/v2\/users\/104"}],"replies":[{"embeddable":true,"href":"https:\/\/www.hellodrumscores.com\/en\/wp-json\/wp\/v2\/comments?post=34"}],"version-history":[{"count":5,"href":"https:\/\/www.hellodrumscores.com\/en\/wp-json\/wp\/v2\/pages\/34\/revisions"}],"predecessor-version":[{"id":14054,"href":"https:\/\/www.hellodrumscores.com\/en\/wp-json\/wp\/v2\/pages\/34\/revisions\/14054"}],"wp:attachment":[{"href":"https:\/\/www.hellodrumscores.com\/en\/wp-json\/wp\/v2\/media?parent=34"}],"curies":[{"name":"wp","href":"https:\/\/api.w.org\/{rel}","templated":true}]}}